{"id":13372,"date":"2021-10-05T11:57:40","date_gmt":"2021-10-05T11:57:40","guid":{"rendered":"https:\/\/nahastkasitoo.ee\/?page_id=13372"},"modified":"2021-12-04T22:36:55","modified_gmt":"2021-12-04T22:36:55","slug":"ostutingimused","status":"publish","type":"page","link":"https:\/\/nahastkasitoo.ee\/en\/ostutingimused\/","title":{"rendered":"Ostutingimused"},"content":{"rendered":"\n<p><strong>1. Ostu- ja m\u00fc\u00fcgitingimuste ulatus ja kehtivus<\/strong><\/p>\n\n\n\n<p> 1.1. Ostutingimused kehtivad m\u00fc\u00fcja, Nahksekk O\u00dc (registrikood 14362480), Pargi tn 24-19 J\u00f5geva, J\u00f5geva vald J\u00f5gevamaa 48303, Eesti, e-post: <a href=\"\/C:\/Users\/Kaie\/OneDrive\/Pildid\/Kaye%20Leather%20Goods\/kayeleathergoods@gmail.com\">kayeleathergoods@gmail.com<\/a>, (edaspidi M\u00fc\u00fcja) ja Tellija (edaspidi Tellija) vahel veebipoe aadressiga <a href=\"https:\/\/www.nahastkasitoo.ee\/\">https:\/\/www.nahastkasitoo.ee<\/a> (edaspidi E-pood) vahendusel toodete ostmisel tekkivate \u00f5igussuhete kohta.<\/p>\n\n\n\n<p>1.2. Lisaks Ostutingimustele reguleerivad E-poe vahendusel toodete ostmisel tekkivaid \u00f5igussuhteid Eesti Vabariigis kehtivad \u00f5igusaktid.<\/p>\n\n\n\n<p>1.3. M\u00fc\u00fcja on \u00f5igustatud E-poe arengust tulenevalt ning E-poe parema ja turvalisema kasutamise huvides Ostutingimusi ja hinnakirja muutma. Ostutingimuste ja hinnakirja muudatused j\u00f5ustuvad vastava muudatuse avaldamisest interneti lehek\u00fcljel <a href=\"https:\/\/www.nahastkasitoo.ee\/\">https:\/\/www.nahastkasitoo.ee<\/a>. Kui Tellija edastas oma tellimuse enne Ostutingimuste muudatuste j\u00f5ustumist, kohaldatakse tellimuse edastamise ajal kehtinud Ostutingimusi, v.a kui seaduses v\u00f5i Ostutingimustes on ette n\u00e4htud teisiti.<\/p>\n\n\n\n<p><strong>2. Hind<\/strong><\/p>\n\n\n\n<p>2.1. E-poes m\u00fc\u00fcdavate toodete hinnad on eurodes.<\/p>\n\n\n\n<p>2.2. Ostetud toodetele lisandub transpordihind, mis arvutatakse Tellija ostukorvis p\u00e4rast kohaletoimetamisviisi valikut.<\/p>\n\n\n\n<p>2.3. M\u00fc\u00fcja j\u00e4tab endale \u00f5iguse korrigeerida hindu. Kui Tellija edastas oma tellimuse enne hinna muutmist, siis kehtib Tellijale hind, mis oli arvel kajastatud tellimuse vormistamise momendil.<\/p>\n\n\n\n<p><strong>3. Ostukorv ja tellimuse vormistamine<\/strong><\/p>\n\n\n\n<p>3.1. Tellija ostukorv luuakse hetkel, kui Tellija klikib lingile \u201eLisa korvi\u201c.<\/p>\n\n\n\n<p>3.2. Tellimust saab vormistada nii registreeritud kui ka registreerimata k\u00fclalisena. Tellimuse vormistamise lehel tuleb sisestada n\u00f5utavad andmed ning klikkida nupule \u201eEsita tellimus\u201d.<\/p>\n\n\n\n<p>3.3. Kui toode on e-poes m\u00e4rgitud \u201ceritellimusel\u201d v\u00f5i \u201cm\u00fc\u00fcdud\u201d ei saa seda toodet E-poest tellida. \u201cEritellimusel\u201d toodete tellimiseks tuleb \u00fchendust v\u00f5tta klienditeenindusega e-posti aadressil <a href=\"\/C:\/Users\/Kaie\/OneDrive\/Pildid\/Kaye%20Leather%20Goods\/kayeleathergoods@gmail.com\">kayeleathergoods@gmail.com<\/a> v\u00f5i helistada telefoninumbril +372 5566 0207<\/p>\n\n\n\n<p>3.4. Tellimuse vormistamise lehek\u00fcljel olevate lahtrite t\u00e4itmisel tuleb olla t\u00e4helepanelik, sest selle informatsiooni t\u00e4psusest ja \u00f5igsusest s\u00f5ltub Tellija poolt ostetud toodete kiire ja h\u00e4ireteta kohaletoimetamine. M\u00fc\u00fcja ei vastuta t\u00e4itmisel Tellija poolt esitatud ebakorrektsetest andmetest tingitud tellimuse mittet\u00e4itmise v\u00f5i muude sellest tulenevate tagaj\u00e4rgede eest.<\/p>\n\n\n\n<p>3.5. M\u00fc\u00fcgileping loetakse s\u00f5lmituks ja tellimuse t\u00e4itmist alustatakse, kui tellimus on esitatud ja arve j\u00e4rgi tasumisele kuuluv summa on laekunud M\u00fc\u00fcja arvelduskontole.<\/p>\n\n\n\n<p>3.6. E-poes kuvatud tootepildid v\u00f5ivad erineda tegelikust tootest mingil m\u00e4\u00e4ral v\u00e4rvi poolest (p\u00f5hjuseks seadmete v\u00e4rvierinevus ekraanikuval). Toote k\u00f5rval tuleb j\u00e4lgida infot v\u00e4rvitooni kohta. Kuna E-poes olevad tootekirjeldused ei pruugi olla ammendavad, siis Tellija saab lisainfot k\u00fcsida kirjutades e-posti aadressile<a href=\"\/C:\/Users\/Kaie\/OneDrive\/Pildid\/Kaye%20Leather%20Goods\/%20kayeleathergoods@gmail.com\"> kayeleathergoods<\/a><a href=\"\/C:\/Users\/Kaie\/OneDrive\/Pildid\/Kaye%20Leather%20Goods\/%20kayeleathergoods@gmail.com\">@gmail.com<\/a> v\u00f5i helistada klienditoele.<\/p>\n\n\n\n<p>3.7. Klienditugi t\u00f6\u00f6tab t\u00f6\u00f6p\u00e4eviti kell 11-20. Klienditoe telefon on +372 5566 0207.<\/p>\n\n\n\n<p>3.8. Klienditugi t\u00f6\u00f6tab k\u00f5nes eesti- ja vene keeles ning kirjas eesti-, vene- ja inglise keeles.<\/p>\n\n\n\n<p><strong>4. Toodete eest tasumine<\/strong><\/p>\n\n\n\n<p>4.1. Makse sooritamiseks tuleb valida tellimuse vormistamise lehek\u00fcljel sobiv makseviis (kas pangalink v\u00f5i krediitkaart). P\u00e4rast tellimuse esitamist saadetakse makse aluseks olev arve Tellijale tellimuse kinnitusena ka elektronpostiga. Tellijal on soovitav enne arve tasumist kontrollida, et arves sisalduvad andmed vastavad Tellija tellimuses sisalduvale soovile. Kui Tellija valis makseviisiks pangalingiga tasumise, siis suunatakse ta pangalingi lehele p\u00e4rast tellimuse esitamist.<\/p>\n\n\n\n<p>4.2. Makseviisid:<\/p>\n\n\n\n<p>4.2.1. Tasumine pangalingiga:<\/p>\n\n\n\n<p><strong>&#8211; Eesti:<\/strong> Swedbank, SEB, Luminor, LHV, Coop Pank, Pocopay<\/p>\n\n\n\n<p><strong>&#8211; L\u00e4ti:<\/strong> Swedbank, SEB, Citadele ja Luminor<\/p>\n\n\n\n<p><strong>&#8211; Leedu:<\/strong> Swedbank, SEB, Luminor<\/p>\n\n\n\n<p>&#8211; <strong>Soome:<\/strong> Aktia, \u00c5landsbanken, Danske, Handelsbanken, Nordea, Oma S\u00e4\u00e4st\u00f6pankki, OP, POP Pankki, S-Pankki, S\u00e4\u00e4stopankki<\/p>\n\n\n\n<p>4.2.2. Tasumine krediitkaardiga: Visa, MasterCard<\/p>\n\n\n\n<p>4.2.3. K\u00f5ik maksed toimuvad eurodes.<\/p>\n\n\n\n<p>4.2.4. Makseid vahendab Maksekeskus AS.<\/p>\n\n\n\n<p>4.2.5. E-poe <a href=\"https:\/\/www.nahastkasitoo.ee\/\">htpps:\/\/www.nahastkasitoo.ee<\/a> isikuandmete vastutav t\u00f6\u00f6tleja on Nahksekk O\u00dc (registrikood 14362480), Pargi tn 24-19 J\u00f5geva, J\u00f5geva vald, J\u00f5gevamaa 48303, Eesti ja kes edastab maksete teostamiseks vajalikud isikuandmed volitatud t\u00f6\u00f6tleja Maksekeskus AS-ile.<\/p>\n\n\n\n<p>4.3. Maksetingimused:<\/p>\n\n\n\n<p>4.3.1. Maksetingimus ettemaks \u2013 100% arve j\u00e4rgi tasumisele kuuluvast summast tasutakse tellimuse vormistamisel.<br>4.3.2. Eritellimuse puhul on ettemaks 100% arve l\u00f5ppsummast enne tellimust\u00f6\u00f6 alustamist.<\/p>\n\n\n\n<p><strong>5. Toodete kohaletoimetamine ja \u00fcleandmine<\/strong><\/p>\n\n\n\n<p>5.1. Tellimuse vormistamisel saab kassas valida sobiva kohaletoimetamisviisi.<\/p>\n\n\n\n<p>5.2. Kauba saatmiskulud kannab ostja ning vastav hinnainfo on kuvatud saatmisviisi juures.<\/p>\n\n\n\n<p>5.3. Tellimuse vormistamisel on soovitav kontrollida esitatavate kontaktandmete \u00f5igsust v\u00e4ltimaks viivitusi ja arusaamatusi toodete kohaletoimetamisel. M\u00fc\u00fcja ja kullerfirma ei vastuta toodete kohaletoimetamise viivituse ja tekkinud arusaamatuste eest juhul, kui viivitus v\u00f5i arusaamatus on tingitud Tellija poolt tellimuse vormistamisel esitatud andmete ebat\u00e4psusest v\u00f5i eba\u00f5igsusest.<\/p>\n\n\n\n<p>5.4. E-poes kuvatud tooted on enamjaolt laos olemas (v.a \u201ceritellimusel\u201d v\u00f5i \u201cm\u00fc\u00fcdud\u201d m\u00e4rgistusega tooted). Kui toode puudub laost ja tellimust ei ole v\u00f5imalik t\u00e4ita, siis teatab M\u00fc\u00fcja sellest Tellijale kontakttelefoni v\u00f5i elektronposti teel \u00fche t\u00f6\u00f6p\u00e4eva jooksul arvates lepingu j\u00f5ustumisest ning pakub v\u00e4lja v\u00f5imaliku uue tarneaja v\u00f5i toote asendamise samav\u00e4\u00e4rse teise tootega, mis on sama hinna ja kvaliteediga. Kui Tellija ei soovi uut v\u00f5i asendustoodet, siis tagastatakse Tellija poolt tasutud summa (koos transpordi maksumusega) hiljemalt 1-2 p\u00e4eva jooksul.<\/p>\n\n\n\n<p>5.5. Tolli- ja impordimaksud<\/p>\n\n\n\n<p>Kauba saatmisel v\u00f5ivad lisanduda mitmesugused tolli- ja impordimaksud, mis tuleb tasuda paki sihtriiki saabumisel. Need maksud tasub paki k\u00e4tte saaja. Kuna maksu- ja tollipoliitika v\u00f5ib eri riikides suuresti varieeruda, siis palume teil t\u00e4iendava informatsiooni saamiseks p\u00f6\u00f6rduda kohaliku tolli- v\u00f5i maksuameti esinduse poole.<\/p>\n\n\n\n<p><strong>6. Tellimusest taganemine enne tellimuse t\u00e4itmist<\/strong><\/p>\n\n\n\n<p>6.1. Kui Tellija soovib tellimuse esitamise j\u00e4rgselt ja enne tellimuse t\u00e4itmist tellimusest taganeda, siis teatab Tellija sellest koheselt kirjalikult M\u00fc\u00fcja e-posti aadressile <a href=\"\/C:\/Users\/Kaie\/OneDrive\/Pildid\/Kaye%20Leather%20Goods\/kayeleathergoods@gmail.com\">kayeleathergoods@gmail.com<\/a>. E-kirja tuleb m\u00e4rkida tellitud toote nimetus, millest soovitakse taganeda ning lisada oma kontaktandmed (eesnimi, perekonnanimi, tellimuse esitamise kuup\u00e4ev, kontakttelefon, pangakonto nr).<\/p>\n\n\n\n<p>6.2. Kui taganemisavaldus j\u00f5uab M\u00fc\u00fcjani peale M\u00fc\u00fcja poolset tellimuse t\u00e4itmist, siis toimub tellimusest taganemine vastavalt E-poe Ostutingimuste peat\u00fckile \u201eTaganemis\u00f5igus\u201d.<\/p>\n\n\n\n<p>6.3. Tellimusest taganemisel tagastatakse Tellijale ostu ees tasutud summa (koos transpordimaksumusega) Tellija poolt n\u00e4idatud pangakontole hiljemalt 14 p\u00e4eva jooksul alates tellimusest taganemise teate k\u00e4tte saamisest.<\/p>\n\n\n\n<p><strong>7. Taganemis\u00f5igus<\/strong><\/p>\n\n\n\n<p>7.1. E-poes s\u00f5lmitud lepingutele kehtib 14 p\u00e4evane taganemis\u00f5igus. 14-p\u00e4evane t\u00e4htaeg algab hetkest, mil klient on toote f\u00fc\u00fcsiliselt enda valdusesse saanud.<\/p>\n\n\n\n<p>7.2. Tagastatav toode peab olema puuduseta, t\u00e4iskomplektne ja v\u00f5imalusel originaalpakendis. Kui kaupa on kasutatud muuks otstarbeks kui on vajalik kauba olemuses, omadustes ja toimimises veendumiseks v\u00f5i sellel on kasutamise v\u00f5i kulumise m\u00e4rke, on Veebipoel \u00f5igus alandada tagastatavat tasu vastavalt kauba v\u00e4\u00e4rtuse v\u00e4henemisele.<\/p>\n\n\n\n<p>7.3. Taganemis\u00f5iguse kasutamiseks tuleb Tellijal 14 p\u00e4eva jooksul alates toote \u00fcleandmisest t\u00e4ita tagastusvorm v\u00f5i kirjutada e-posti aadressile <a href=\"\/C:\/Users\/Kaie\/OneDrive\/Pildid\/Kaye%20Leather%20Goods\/kayeleathergoods@gmail.com\">kayeleathergoods@gmail.com<\/a> ning tagastada toode M\u00fc\u00fcjale v\u00e4hemalt 14 p\u00e4eva jooksul alates taganemisteate esitamisest.<\/p>\n\n\n\n<p>7.4. Taganemisel kannab M\u00fc\u00fcja Tellijale ostu ees tasutud summa<br>(koos transpordimaksumusega) tellimuse eest tasumiseks kasutatud maksekontole hiljemalt 14 p\u00e4eva jooksul alates taganemisteate saamisest.<\/p>\n\n\n\n<p>7.5. Tagastamisega seonduvad kulud tasub Tellija.<br>7.6. Taganemis\u00f5igus ei laiene eritellimusel valmistatud toodetele.<\/p>\n\n\n\n<p><strong>8. Lepingutingimustele mittevastavate toodete tagastamine<\/strong><\/p>\n\n\n\n<p>8.1. M\u00fc\u00fcja vastutab toodete lepingutingimustele mittevastavuse ja puuduste eest, mis ilmnevad 14 p\u00e4eva jooksul arvates toodete \u00fcleandmisest Tellijale.<\/p>\n\n\n\n<p>8.2. Kui kauba v\u00f5i teenuse ostmisest, mille kohta Tellija on esitanud lepingutingimustele mittevastavusest pretensiooni, on m\u00f6\u00f6dunud kuni 14 p\u00e4eva, kohustub M\u00fc\u00fcja t\u00f5estama lepingutingimustele mittevastavuse olemasolu. P\u00e4rast 14 p\u00e4eva m\u00f6\u00f6dumist on aga Tellija kohustatud t\u00f5endama, et varjatud puudus v\u00f5i muu lepingutingimustele mittevastavus oli olemas juba kauba v\u00f5i teenuse ostmisel.<\/p>\n\n\n\n<p>8.3. Toote n\u00f5uetele mittevastavuse v\u00f5i toote juures puuduste avastamisel t\u00e4idab Tellija tagastusvormi hiljemalt 14 p\u00e4eva jooksul arvates toote n\u00f5uetele mittevastavuse v\u00f5i toote juures puuduse avastamisest v\u00f5i helistab M\u00fc\u00fcja kontakttelefonil +372 5566 0207<\/p>\n\n\n\n<p>8.4. Toote n\u00f5uetele mittevastavuse v\u00f5i puuduse korral on Tellijal \u00f5igus n\u00f5uda toote asendamist n\u00f5uetele vastava ja puudusteta toote vastu v\u00f5i taganeda tellimusest ja tagastada n\u00f5uetele mittevastav toode M\u00fc\u00fcja kulul.<\/p>\n\n\n\n<p>8.5. N\u00f5uetele mittevastava toote tagastamise korral kantakse toote eest tasutud summa (koos transpordimaksumusega) tellimuse eest tasumiseks kasutatud maksekontole viivitamata, kuid mitte hiljem kui 14 p\u00e4eva m\u00f6\u00f6dumisel arvates tagastatava kauba k\u00e4ttesaamisest v\u00f5i ostja poolt t\u00f5endi esitamisest, et ta on asja tagasi saatnud. M\u00fc\u00fcja v\u00f5ib loobuda toote tagastamise n\u00f5udest.<\/p>\n\n\n\n<p>8.6. Kui Tellijal on E-poest ostetud kauba osas pretensioone, tuleb need saata e-posti aadressile <a href=\"\/C:\/Users\/Kaie\/OneDrive\/Pildid\/Kaye%20Leather%20Goods\/kayeleathergoods@gmail.com\">kayeleathergoods@gmail.com<\/a> v\u00f5i helistada telefonil +372 5566 0207<\/p>\n\n\n\n<p>Kui Tellija ja E-pood ei suuda lahendada vaidlust kokkuleppe teel, siis on Tellijal v\u00f5imalik p\u00f6\u00f6rduda vaidluste lahendamiseks vaidluste kohtuv\u00e4lise lahendamise \u00fcksusesse, kelleks on Tarbijakaitse ja Tehnilise J\u00e4relevalve Ameti juures tegutsev tarbijavaidluste komisjon (www.komisjon.ee). Komisjoni p\u00e4devuses on lahendada tarbija ja ettev\u00f5tja vahel s\u00f5lmitud lepingust tulenevaid vaidlusi, mida poole ei ole suutnud lahendada kokkuleppe teel. Kaebuse l\u00e4bivaatamine komisjonis on pooltele tasuta.<\/p>\n\n\n\n<p>Tarbijakaitse ja Tehnilise J\u00e4relevalve Amet asub Endla 10A, Tallinn 10122, telefon 6201707, avaldus@komisjon.ee Vaidluste kohtuv\u00e4lise lahendamise \u00fcksuse menetlusreeglitega saab tutvuda veebilehe aadressil www.komisjon.ee<\/p>\n\n\n\n<p>8.7. Piiri\u00fcleste vaidluste korral on tarbijal v\u00f5imalik p\u00f6\u00f6rduda Euroopa Liidu tarbijate n\u00f5ustamiskeskuse Eesti kontaktpunkti kontaktandmed on j\u00e4rgmised: (Endla 10A, 10122 Tallinn; e-post <a href=\"\/C:\/Users\/Kaie\/OneDrive\/Pildid\/Kaye%20Leather%20Goods\/consumer@consumer.ee\">consumer@consumer.ee<\/a>; veebileht <a href=\"https:\/\/consumer.ee\/\">https:\/\/consumer.ee<\/a>).<\/p>\n\n\n\n<p><strong>9. Ostja \u00f5igused tellimustest taganemisel<\/strong><\/p>\n\n\n\n<p>Tarbija saab lepingu eseme lepingutingimustele mittevastavuse korral tugineda seaduses s\u00e4testatud \u00f5iguskaitsevahendile (V\u00d5S \u00a7 54 lg 1 p 18), muu hulgas lepingust taganeda v\u00f5i n\u00f5uda kahju h\u00fcvitamist.<\/p>\n\n\n\n<p>V\u00d5S \u00a7 101 lg 1 alusel, kui v\u00f5lgnik on kohustust rikkunud, v\u00f5ib v\u00f5lausaldaja kasutada j\u00e4rgnevaid \u00f5iguskaitsevahendeid: n\u00f5uda kohustuse t\u00e4itmist; oma v\u00f5lgnetava kohustuse t\u00e4itmisest keelduda; n\u00f5uda kahju h\u00fcvitamist; taganeda lepingust v\u00f5i \u00f6elda leping \u00fcles; alandada hinda; rahalise kohustuse t\u00e4itmisega viivitamise korral n\u00f5uda viivist.<\/p>\n\n\n\n<p><strong>10. M\u00fc\u00fcja \u00f5igused tellimustest taganemisel<\/strong><\/p>\n\n\n\n<p>10.1. M\u00fc\u00fcjal on \u00f5igus tellimusest taganeda kui:<\/p>\n\n\n\n<p>10.1.1. Tellija ei tasu arvet t\u00e4htaegselt;<\/p>\n\n\n\n<p>10.1.2. Tellija ei tule toodetele t\u00e4htaegselt j\u00e4rele;<\/p>\n\n\n\n<p>10.1.3. Tellitud tooted on laost otsas.<\/p>\n\n\n\n<p><strong>11. Isikuandmed ja nende kasutamine<\/strong><\/p>\n\n\n\n<p>11.1. K\u00f5iki E-poe k\u00fclastamise ja ostude sooritamise k\u00e4igus teatavaks saanud Tellija isikuandmeid k\u00e4sitletakse kui konfidentsiaalset infot. M\u00fc\u00fcja ei avalda temale teatavaks saanud andmeid kolmandale osapoolele, v.a. seadusega etten\u00e4htud juhtudel. Soovi korral on Tellijal \u00f5igus n\u00f5uda oma andmete kustutamist E-poe andmebaasist. Kr\u00fcptitud andmesidekanal pankadega tagab Tellija isikuandmete ja pangarekvisiitide turvalisuse. M\u00fc\u00fcjal puudub neile juurdep\u00e4\u00e4s.<\/p>\n\n\n\n<p>11.2. Tellija annab n\u00f5usoleku saata m\u00fc\u00fcgipakkumisi ja uudiskirju tellimuse esitamisel sisestud elektronposti aadressil juhul, kui Tellija on m\u00e4rkinud \u00e4ra vastava n\u00f5usoleku tellimuse esitamise lehel linnukesega vastavas aknas.<\/p>\n\n\n\n<p><strong>12. Vastutus ja v\u00e4\u00e4ramatu j\u00f5ud<\/strong><\/p>\n\n\n\n<p>12.1. M\u00fc\u00fcja vastutab Tellija ees ja Tellija vastutab M\u00fc\u00fcja ees teisele poolele k\u00e4esolevate tingimuste rikkumisega tekitatud kahju eest Eesti Vabariigis kehtivates \u00f5igusaktides s\u00e4testatud juhtudel ja ulatuses.<\/p>\n\n\n\n<p>12.2. M\u00fc\u00fcja ei vastuta Tellijale tekitatud kahjude eest v\u00f5i toote kohaletoimetamise viibimise eest juhul, kui kahju v\u00f5i toote kohale toomise viibimine on tingitud asjaolust, mida M\u00fc\u00fcja ei saanud m\u00f5jutada ning mille saabumist M\u00fc\u00fcja ei n\u00e4inud ette ega v\u00f5inud ette n\u00e4ha (v\u00e4\u00e4ramatu j\u00f5ud).<\/p>\n\n\n\n<p>12.3. M\u00fc\u00fcja ei vastuta Tellija E-poe teenuste kasutamist eeldavate seadmete tarkvara andmesides\u00fcsteemide muretsemise ja korrashoidmisega seotud ning samuti muude E-poe teenuse kasutamisest p\u00f5hjustatud kulutuste eest.<\/p>\n\n\n\n<p><strong>13. Muud tingimused<\/strong><\/p>\n\n\n\n<p>13.1. K\u00e4esolevates tingimustes eraldi lahendamata k\u00fcsimustes l\u00e4htutakse Eesti Vabariigis kehtivatest \u00f5igusaktidest.<\/p>\n\n\n\n<p>13.2. Ostutingimustega tutvumine on Tellijale kohustuslik.<\/p>\n\n\n\n<p>13.3. Tellimuse esitamisel m\u00e4rkides linnukesega vastavas aknas \u201e E-poe ostutingimused \u2013 olen l\u00e4bi lugenud ja n\u00f5ustun nendega\u201d, kinnitab Tellija, et on tutvunud ostutingimustega, neist aru saanud ja n\u00f5ustunud.<\/p>\n","protected":false},"excerpt":{"rendered":"1. Ostu- ja m\u00fc\u00fcgitingimuste ulatus ja kehtivus 1.1. Ostutingimused kehtivad m\u00fc\u00fcja, Nahksekk O\u00dc (registrikood 14362480), Pargi tn 24-19 J\u00f5geva, J\u00f5geva vald J\u00f5gevamaa 48303, Eesti, e-post: kayeleathergoods@gmail.com, (edaspidi M\u00fc\u00fcja) ja Tellija (edaspidi Tellija) vahel veebipoe aadressiga https:\/\/www.nahastkasitoo.ee (edaspidi E-pood) vahendusel toodete&#8230;","protected":false},"author":1,"featured_media":0,"parent":0,"menu_order":0,"comment_status":"closed","ping_status":"closed","template":"","meta":{"footnotes":""},"class_list":["post-13372","page","type-page","status-publish","hentry"],"yoast_head":"<!-- This site is optimized with the Yoast SEO plugin v27.5 - https:\/\/yoast.com\/product\/yoast-seo-wordpress\/ -->\n<title>Ostutingimused - Kaye Leather Goods<\/title>\n<meta name=\"robots\" content=\"index, follow, max-snippet:-1, max-image-preview:large, max-video-preview:-1\" \/>\n<link rel=\"canonical\" href=\"https:\/\/nahastkasitoo.ee\/en\/ostutingimused\/\" \/>\n<meta property=\"og:locale\" content=\"en_US\" \/>\n<meta property=\"og:locale:alternate\" content=\"et\" \/>\n<meta property=\"og:type\" content=\"article\" \/>\n<meta property=\"og:title\" content=\"Ostutingimused - Kaye Leather Goods\" \/>\n<meta property=\"og:description\" content=\"1. Ostu- ja m\u00fc\u00fcgitingimuste ulatus ja kehtivus 1.1. Ostutingimused kehtivad m\u00fc\u00fcja, Nahksekk O\u00dc (registrikood 14362480), Pargi tn 24-19 J\u00f5geva, J\u00f5geva vald J\u00f5gevamaa 48303, Eesti, e-post: kayeleathergoods@gmail.com, (edaspidi M\u00fc\u00fcja) ja Tellija (edaspidi Tellija) vahel veebipoe aadressiga https:\/\/www.nahastkasitoo.ee (edaspidi E-pood) vahendusel toodete...\" \/>\n<meta property=\"og:url\" content=\"https:\/\/nahastkasitoo.ee\/en\/ostutingimused\/\" \/>\n<meta property=\"og:site_name\" content=\"Kaye Leather Goods\" \/>\n<meta property=\"article:modified_time\" content=\"2021-12-04T22:36:55+00:00\" \/>\n<meta name=\"twitter:card\" content=\"summary_large_image\" \/>\n<meta name=\"twitter:label1\" content=\"Est. reading time\" \/>\n\t<meta name=\"twitter:data1\" content=\"7 minutes\" \/>\n<script type=\"application\/ld+json\" class=\"yoast-schema-graph\">{\"@context\":\"https:\\\/\\\/schema.org\",\"@graph\":[{\"@type\":\"WebPage\",\"@id\":\"https:\\\/\\\/nahastkasitoo.ee\\\/ostutingimused\\\/\",\"url\":\"https:\\\/\\\/nahastkasitoo.ee\\\/ostutingimused\\\/\",\"name\":\"Ostutingimused - Kaye Leather Goods\",\"isPartOf\":{\"@id\":\"https:\\\/\\\/nahastkasitoo.ee\\\/#website\"},\"datePublished\":\"2021-10-05T11:57:40+00:00\",\"dateModified\":\"2021-12-04T22:36:55+00:00\",\"breadcrumb\":{\"@id\":\"https:\\\/\\\/nahastkasitoo.ee\\\/ostutingimused\\\/#breadcrumb\"},\"inLanguage\":\"en-US\",\"potentialAction\":[{\"@type\":\"ReadAction\",\"target\":[\"https:\\\/\\\/nahastkasitoo.ee\\\/ostutingimused\\\/\"]}]},{\"@type\":\"BreadcrumbList\",\"@id\":\"https:\\\/\\\/nahastkasitoo.ee\\\/ostutingimused\\\/#breadcrumb\",\"itemListElement\":[{\"@type\":\"ListItem\",\"position\":1,\"name\":\"Home\",\"item\":\"https:\\\/\\\/nahastkasitoo.ee\\\/\"},{\"@type\":\"ListItem\",\"position\":2,\"name\":\"Ostutingimused\"}]},{\"@type\":\"WebSite\",\"@id\":\"https:\\\/\\\/nahastkasitoo.ee\\\/#website\",\"url\":\"https:\\\/\\\/nahastkasitoo.ee\\\/\",\"name\":\"Kaye Leather Goods\",\"description\":\"Eestimaine nahastk\u00e4sit\u00f6\u00f6\",\"publisher\":{\"@id\":\"https:\\\/\\\/nahastkasitoo.ee\\\/#organization\"},\"potentialAction\":[{\"@type\":\"SearchAction\",\"target\":{\"@type\":\"EntryPoint\",\"urlTemplate\":\"https:\\\/\\\/nahastkasitoo.ee\\\/?s={search_term_string}\"},\"query-input\":{\"@type\":\"PropertyValueSpecification\",\"valueRequired\":true,\"valueName\":\"search_term_string\"}}],\"inLanguage\":\"en-US\"},{\"@type\":\"Organization\",\"@id\":\"https:\\\/\\\/nahastkasitoo.ee\\\/#organization\",\"name\":\"Nahast k\u00e4sit\u00f6\u00f6\",\"url\":\"https:\\\/\\\/nahastkasitoo.ee\\\/\",\"logo\":{\"@type\":\"ImageObject\",\"inLanguage\":\"en-US\",\"@id\":\"https:\\\/\\\/nahastkasitoo.ee\\\/#\\\/schema\\\/logo\\\/image\\\/\",\"url\":\"https:\\\/\\\/i0.wp.com\\\/nahastkasitoo.ee\\\/wp-content\\\/uploads\\\/2020\\\/06\\\/KayeLeatherGoods-poe-logo-labipaistev.png?fit=1500%2C1500&ssl=1\",\"contentUrl\":\"https:\\\/\\\/i0.wp.com\\\/nahastkasitoo.ee\\\/wp-content\\\/uploads\\\/2020\\\/06\\\/KayeLeatherGoods-poe-logo-labipaistev.png?fit=1500%2C1500&ssl=1\",\"width\":1500,\"height\":1500,\"caption\":\"Nahast k\u00e4sit\u00f6\u00f6\"},\"image\":{\"@id\":\"https:\\\/\\\/nahastkasitoo.ee\\\/#\\\/schema\\\/logo\\\/image\\\/\"}}]}<\/script>\n<!-- \/ Yoast SEO plugin. -->","yoast_head_json":{"title":"Ostutingimused - Kaye Leather Goods","robots":{"index":"index","follow":"follow","max-snippet":"max-snippet:-1","max-image-preview":"max-image-preview:large","max-video-preview":"max-video-preview:-1"},"canonical":"https:\/\/nahastkasitoo.ee\/en\/ostutingimused\/","og_locale":"en_US","og_type":"article","og_title":"Ostutingimused - Kaye Leather Goods","og_description":"1. Ostu- ja m\u00fc\u00fcgitingimuste ulatus ja kehtivus 1.1. Ostutingimused kehtivad m\u00fc\u00fcja, Nahksekk O\u00dc (registrikood 14362480), Pargi tn 24-19 J\u00f5geva, J\u00f5geva vald J\u00f5gevamaa 48303, Eesti, e-post: kayeleathergoods@gmail.com, (edaspidi M\u00fc\u00fcja) ja Tellija (edaspidi Tellija) vahel veebipoe aadressiga https:\/\/www.nahastkasitoo.ee (edaspidi E-pood) vahendusel toodete...","og_url":"https:\/\/nahastkasitoo.ee\/en\/ostutingimused\/","og_site_name":"Kaye Leather Goods","article_modified_time":"2021-12-04T22:36:55+00:00","twitter_card":"summary_large_image","twitter_misc":{"Est. reading time":"7 minutes"},"schema":{"@context":"https:\/\/schema.org","@graph":[{"@type":"WebPage","@id":"https:\/\/nahastkasitoo.ee\/ostutingimused\/","url":"https:\/\/nahastkasitoo.ee\/ostutingimused\/","name":"Ostutingimused - Kaye Leather Goods","isPartOf":{"@id":"https:\/\/nahastkasitoo.ee\/#website"},"datePublished":"2021-10-05T11:57:40+00:00","dateModified":"2021-12-04T22:36:55+00:00","breadcrumb":{"@id":"https:\/\/nahastkasitoo.ee\/ostutingimused\/#breadcrumb"},"inLanguage":"en-US","potentialAction":[{"@type":"ReadAction","target":["https:\/\/nahastkasitoo.ee\/ostutingimused\/"]}]},{"@type":"BreadcrumbList","@id":"https:\/\/nahastkasitoo.ee\/ostutingimused\/#breadcrumb","itemListElement":[{"@type":"ListItem","position":1,"name":"Home","item":"https:\/\/nahastkasitoo.ee\/"},{"@type":"ListItem","position":2,"name":"Ostutingimused"}]},{"@type":"WebSite","@id":"https:\/\/nahastkasitoo.ee\/#website","url":"https:\/\/nahastkasitoo.ee\/","name":"Kaye Leather Goods","description":"Eestimaine nahastk\u00e4sit\u00f6\u00f6","publisher":{"@id":"https:\/\/nahastkasitoo.ee\/#organization"},"potentialAction":[{"@type":"SearchAction","target":{"@type":"EntryPoint","urlTemplate":"https:\/\/nahastkasitoo.ee\/?s={search_term_string}"},"query-input":{"@type":"PropertyValueSpecification","valueRequired":true,"valueName":"search_term_string"}}],"inLanguage":"en-US"},{"@type":"Organization","@id":"https:\/\/nahastkasitoo.ee\/#organization","name":"Nahast k\u00e4sit\u00f6\u00f6","url":"https:\/\/nahastkasitoo.ee\/","logo":{"@type":"ImageObject","inLanguage":"en-US","@id":"https:\/\/nahastkasitoo.ee\/#\/schema\/logo\/image\/","url":"https:\/\/i0.wp.com\/nahastkasitoo.ee\/wp-content\/uploads\/2020\/06\/KayeLeatherGoods-poe-logo-labipaistev.png?fit=1500%2C1500&ssl=1","contentUrl":"https:\/\/i0.wp.com\/nahastkasitoo.ee\/wp-content\/uploads\/2020\/06\/KayeLeatherGoods-poe-logo-labipaistev.png?fit=1500%2C1500&ssl=1","width":1500,"height":1500,"caption":"Nahast k\u00e4sit\u00f6\u00f6"},"image":{"@id":"https:\/\/nahastkasitoo.ee\/#\/schema\/logo\/image\/"}}]}},"jetpack_sharing_enabled":true,"_links":{"self":[{"href":"https:\/\/nahastkasitoo.ee\/en\/wp-json\/wp\/v2\/pages\/13372","targetHints":{"allow":["GET"]}}],"collection":[{"href":"https:\/\/nahastkasitoo.ee\/en\/wp-json\/wp\/v2\/pages"}],"about":[{"href":"https:\/\/nahastkasitoo.ee\/en\/wp-json\/wp\/v2\/types\/page"}],"author":[{"embeddable":true,"href":"https:\/\/nahastkasitoo.ee\/en\/wp-json\/wp\/v2\/users\/1"}],"replies":[{"embeddable":true,"href":"https:\/\/nahastkasitoo.ee\/en\/wp-json\/wp\/v2\/comments?post=13372"}],"version-history":[{"count":5,"href":"https:\/\/nahastkasitoo.ee\/en\/wp-json\/wp\/v2\/pages\/13372\/revisions"}],"predecessor-version":[{"id":13804,"href":"https:\/\/nahastkasitoo.ee\/en\/wp-json\/wp\/v2\/pages\/13372\/revisions\/13804"}],"wp:attachment":[{"href":"https:\/\/nahastkasitoo.ee\/en\/wp-json\/wp\/v2\/media?parent=13372"}],"curies":[{"name":"wp","href":"https:\/\/api.w.org\/{rel}","templated":true}]}}