{"id":13452,"date":"2021-09-28T12:02:50","date_gmt":"2021-09-28T12:02:50","guid":{"rendered":"https:\/\/nahastkasitoo.ee\/?page_id=13452"},"modified":"2023-08-23T16:24:55","modified_gmt":"2023-08-23T16:24:55","slug":"teenused","status":"publish","type":"page","link":"https:\/\/nahastkasitoo.ee\/en\/teenused\/","title":{"rendered":"Teenused"},"content":{"rendered":"[vc_section full_width=&#8221;stretch_row&#8221; pix_bg_grdient=&#8221;bg-gradient-primary&#8221; fade_in_opacity=&#8221;pix-opacity-4&#8243; pix_over_visibility=&#8221;&#8221; css=&#8221;.vc_custom_1639517821317{padding-top: 150px !important;padding-bottom: 150px !important;background-color: rgba(215,234,173,0.46) !important;*background-color: rgb(215,234,173) !important;}&#8221; fade_in_intro=&#8221;13942&#8243;][vc_row pix_particles_check=&#8221;&#8221;][vc_column]<div  class=\"pix-heading-el text-center \"><div><div class=\"slide-in-container\"><h1 class=\"text-white font-weight-bold heading-text el-title_custom_color mb-12\" style=\"\" data-anim-type=\"\" data-anim-delay=\"0\">Teen eritellimust\u00f6id!<\/h1><\/div><\/div><\/div>[\/vc_column][\/vc_row][\/vc_section][vc_row pix_particles_check=&#8221;&#8221; css=&#8221;.vc_custom_1632831506081{margin-top: 50px !important;margin-bottom: 50px !important;}&#8221;][vc_column width=&#8221;2\/3&#8243;][vc_column_text]Kui sul on oma n\u00e4gemus, millist pilti v\u00f5i teksti soovid, kas raamatule, albumile v\u00f5i veel tootevalikus olevatele esemetele, siis v\u00f5ta julgesti \u00fchendust, leiame koos lahenduse ja teeme valmis.\r\nM\u00f5tle soovid enne tellimist h\u00e4sti l\u00e4bi, sest eritellimusel valmistatud toodetele ei kohaldata tagastamisv\u00f5imalust.[\/vc_column_text][\/vc_column][vc_column width=&#8221;1\/3&#8243;]<a  href=\"https:\/\/nahastkasitoo.ee\/kontakt\/\" class=\"btn mb-2     btn-primary d-inline-block      btn-md\"     ><span class=\"font-weight-bold \" >V\u00f5ta \u00fchendust<\/span><\/a>[\/vc_column][\/vc_row][vc_row pix_particles_check=&#8221;&#8221;][vc_column]<div  class=\"pix-heading-el text-left \"><div><div class=\"slide-in-container\"><h3 class=\"text-heading-default font-weight-bold heading-text el-title_custom_color mb-12\" style=\"\" data-anim-type=\"\" data-anim-delay=\"0\">Tehtud t\u00f6\u00f6d<\/h3><\/div><\/div><\/div><div class=\"\"><div id=\"pix-slider-31375070\" class=\"pix-main-slider pix-fix-x2  pix-style-standard pix-effect-standard   pix-slider-6 pix-slider-dots  \" data-flickity='{\"autoPlay\":false,\"freeScroll\":false,\"prevNextButtons\":true,\"wrapAround\":true,\"pageDots\":true,\"adaptiveHeight\":true,\"rightToLeft\":false,\"cellAlign\":\"center\",\"contain\":true,\"slider_effect\":\"pix-effect-standard\",\"pix_id\":\"#pix-slider-31375070\"}'><div class=\"carousel-cell\"><div class=\"slide-inner pix-p-10\"><div class=\"pix-slider-effects\"><div class=\"text-left w-100 d-inline-block rounded-0\"  ><img decoding=\"async\" class=\"card-img rounded-0 h-100\" srcset=\"\" sizes=\"(max-width: 600px) 100vw, 600px\" src=\"https:\/\/i0.wp.com\/nahastkasitoo.ee\/wp-content\/uploads\/2021\/12\/Eritellimusel-nahast-raamat-noiaga--scaled-e1639605571796.jpg?fit=600%2C600&ssl=1\" alt=\"\" style=\"\"\/><\/div><\/div><\/div><\/div><div class=\"carousel-cell\"><div class=\"slide-inner pix-p-10\"><div class=\"pix-slider-effects\"><div class=\"text-left w-100 d-inline-block rounded-0\"  ><img decoding=\"async\" class=\"card-img rounded-0 h-100\" srcset=\"\" sizes=\"(max-width: 640px) 100vw, 640px\" src=\"https:\/\/i0.wp.com\/nahastkasitoo.ee\/wp-content\/uploads\/2022\/03\/nahast-kaaned-kalendermarkmikule-scaled-e1648334641773.jpg?fit=700%2C435&ssl=1\" alt=\"\" style=\"\"\/><\/div><\/div><\/div><\/div><div class=\"carousel-cell\"><div class=\"slide-inner pix-p-10\"><div class=\"pix-slider-effects\"><div class=\"text-left w-100 d-inline-block rounded-0\"  ><img decoding=\"async\" class=\"card-img rounded-0 h-100\" srcset=\"\" sizes=\"(max-width: 600px) 100vw, 600px\" src=\"https:\/\/i0.wp.com\/nahastkasitoo.ee\/wp-content\/uploads\/2022\/03\/nahast-rohelised-passikaaned-eestvaade-scaled-e1648748545807.jpg?fit=600%2C600&ssl=1\" alt=\"\" style=\"\"\/><\/div><\/div><\/div><\/div><div class=\"carousel-cell\"><div class=\"slide-inner pix-p-10\"><div class=\"pix-slider-effects\"><div class=\"text-left w-100 d-inline-block rounded-0\"  ><img decoding=\"async\" class=\"card-img rounded-0 h-100\" srcset=\"\" sizes=\"(max-width: 580px) 100vw, 580px\" src=\"https:\/\/i0.wp.com\/nahastkasitoo.ee\/wp-content\/uploads\/2021\/12\/Jarjehoidjad_-scaled-e1638906194358.jpg?fit=580%2C580&ssl=1\" alt=\"\" style=\"\"\/><\/div><\/div><\/div><\/div><div class=\"carousel-cell\"><div class=\"slide-inner pix-p-10\"><div class=\"pix-slider-effects\"><div class=\"text-left w-100 d-inline-block rounded-0\"  ><img decoding=\"async\" class=\"card-img rounded-0 h-100\" srcset=\"\" sizes=\"(max-width: 600px) 100vw, 600px\" src=\"https:\/\/i0.wp.com\/nahastkasitoo.ee\/wp-content\/uploads\/2021\/12\/Rahatasku-1-scaled-e1638901157212.jpg?fit=600%2C600&ssl=1\" alt=\"\" style=\"\"\/><\/div><\/div><\/div><\/div><div class=\"carousel-cell\"><div class=\"slide-inner pix-p-10\"><div class=\"pix-slider-effects\"><div class=\"text-left w-100 d-inline-block rounded-0\"  ><img decoding=\"async\" class=\"card-img rounded-0 h-100\" srcset=\"\" sizes=\"(max-width: 640px) 100vw, 640px\" src=\"https:\/\/i0.wp.com\/nahastkasitoo.ee\/wp-content\/uploads\/2021\/12\/votmehoidjad-hulgi-2-scaled-e1638899746232.jpg?fit=700%2C604&ssl=1\" alt=\"\" style=\"\"\/><\/div><\/div><\/div><\/div><\/div><\/div>[\/vc_column][\/vc_row]","protected":false},"excerpt":{"rendered":"[vc_section full_width=&#8221;stretch_row&#8221; pix_bg_grdient=&#8221;bg-gradient-primary&#8221; fade_in_opacity=&#8221;pix-opacity-4&#8243; pix_over_visibility=&#8221;&#8221; css=&#8221;.vc_custom_1639517821317{padding-top: 150px !important;padding-bottom: 150px !important;background-color: rgba(215,234,173,0.46) !important;*background-color: rgb(215,234,173) !important;}&#8221; fade_in_intro=&#8221;13942&#8243;][vc_row pix_particles_check=&#8221;&#8221;][vc_column][\/vc_column][\/vc_row][\/vc_section][vc_row pix_particles_check=&#8221;&#8221; css=&#8221;.vc_custom_1632831506081{margin-top: 50px !important;margin-bottom: 50px !important;}&#8221;][vc_column width=&#8221;2\/3&#8243;][vc_column_text]Kui sul on oma n\u00e4gemus, millist pilti v\u00f5i teksti soovid, kas raamatule, albumile v\u00f5i veel tootevalikus olevatele esemetele,&#8230;","protected":false},"author":4,"featured_media":0,"parent":0,"menu_order":0,"comment_status":"closed","ping_status":"closed","template":"","meta":{"footnotes":""},"class_list":["post-13452","page","type-page","status-publish","hentry"],"yoast_head":"<!-- This site is optimized with the Yoast SEO plugin v27.5 - https:\/\/yoast.com\/product\/yoast-seo-wordpress\/ -->\n<title>Teenused<\/title>\n<meta name=\"robots\" content=\"index, follow, max-snippet:-1, max-image-preview:large, max-video-preview:-1\" \/>\n<link rel=\"canonical\" href=\"https:\/\/nahastkasitoo.ee\/en\/teenused\/\" \/>\n<meta property=\"og:locale\" content=\"en_US\" \/>\n<meta property=\"og:locale:alternate\" content=\"et\" \/>\n<meta property=\"og:type\" content=\"article\" \/>\n<meta property=\"og:title\" content=\"Teenused\" \/>\n<meta property=\"og:description\" content=\"[vc_section full_width=&#8221;stretch_row&#8221; pix_bg_grdient=&#8221;bg-gradient-primary&#8221; fade_in_opacity=&#8221;pix-opacity-4&#8243; pix_over_visibility=&#8221;&#8221; css=&#8221;.vc_custom_1639517821317{padding-top: 150px !important;padding-bottom: 150px !important;background-color: rgba(215,234,173,0.46) !important;*background-color: rgb(215,234,173) !important;}&#8221; fade_in_intro=&#8221;13942&#8243;][vc_row pix_particles_check=&#8221;&#8221;][vc_column][\/vc_column][\/vc_row][\/vc_section][vc_row pix_particles_check=&#8221;&#8221; css=&#8221;.vc_custom_1632831506081{margin-top: 50px !important;margin-bottom: 50px !important;}&#8221;][vc_column width=&#8221;2\/3&#8243;][vc_column_text]Kui sul on oma n\u00e4gemus, millist pilti v\u00f5i teksti soovid, kas raamatule, albumile v\u00f5i veel tootevalikus olevatele esemetele,...\" \/>\n<meta property=\"og:url\" content=\"https:\/\/nahastkasitoo.ee\/en\/teenused\/\" \/>\n<meta property=\"og:site_name\" content=\"Kaye Leather Goods\" \/>\n<meta property=\"article:modified_time\" content=\"2023-08-23T16:24:55+00:00\" \/>\n<meta name=\"twitter:card\" content=\"summary_large_image\" \/>\n<meta name=\"twitter:label1\" content=\"Est. reading time\" \/>\n\t<meta name=\"twitter:data1\" content=\"1 minute\" \/>\n<script type=\"application\/ld+json\" class=\"yoast-schema-graph\">{\"@context\":\"https:\\\/\\\/schema.org\",\"@graph\":[{\"@type\":\"WebPage\",\"@id\":\"https:\\\/\\\/nahastkasitoo.ee\\\/teenused\\\/\",\"url\":\"https:\\\/\\\/nahastkasitoo.ee\\\/teenused\\\/\",\"name\":\"Teenused\",\"isPartOf\":{\"@id\":\"https:\\\/\\\/nahastkasitoo.ee\\\/#website\"},\"datePublished\":\"2021-09-28T12:02:50+00:00\",\"dateModified\":\"2023-08-23T16:24:55+00:00\",\"breadcrumb\":{\"@id\":\"https:\\\/\\\/nahastkasitoo.ee\\\/teenused\\\/#breadcrumb\"},\"inLanguage\":\"en-US\",\"potentialAction\":[{\"@type\":\"ReadAction\",\"target\":[\"https:\\\/\\\/nahastkasitoo.ee\\\/teenused\\\/\"]}]},{\"@type\":\"BreadcrumbList\",\"@id\":\"https:\\\/\\\/nahastkasitoo.ee\\\/teenused\\\/#breadcrumb\",\"itemListElement\":[{\"@type\":\"ListItem\",\"position\":1,\"name\":\"Home\",\"item\":\"https:\\\/\\\/nahastkasitoo.ee\\\/\"},{\"@type\":\"ListItem\",\"position\":2,\"name\":\"Teenused\"}]},{\"@type\":\"WebSite\",\"@id\":\"https:\\\/\\\/nahastkasitoo.ee\\\/#website\",\"url\":\"https:\\\/\\\/nahastkasitoo.ee\\\/\",\"name\":\"Kaye Leather Goods\",\"description\":\"Eestimaine nahastk\u00e4sit\u00f6\u00f6\",\"publisher\":{\"@id\":\"https:\\\/\\\/nahastkasitoo.ee\\\/#organization\"},\"potentialAction\":[{\"@type\":\"SearchAction\",\"target\":{\"@type\":\"EntryPoint\",\"urlTemplate\":\"https:\\\/\\\/nahastkasitoo.ee\\\/?s={search_term_string}\"},\"query-input\":{\"@type\":\"PropertyValueSpecification\",\"valueRequired\":true,\"valueName\":\"search_term_string\"}}],\"inLanguage\":\"en-US\"},{\"@type\":\"Organization\",\"@id\":\"https:\\\/\\\/nahastkasitoo.ee\\\/#organization\",\"name\":\"Nahast k\u00e4sit\u00f6\u00f6\",\"url\":\"https:\\\/\\\/nahastkasitoo.ee\\\/\",\"logo\":{\"@type\":\"ImageObject\",\"inLanguage\":\"en-US\",\"@id\":\"https:\\\/\\\/nahastkasitoo.ee\\\/#\\\/schema\\\/logo\\\/image\\\/\",\"url\":\"https:\\\/\\\/i0.wp.com\\\/nahastkasitoo.ee\\\/wp-content\\\/uploads\\\/2020\\\/06\\\/KayeLeatherGoods-poe-logo-labipaistev.png?fit=1500%2C1500&ssl=1\",\"contentUrl\":\"https:\\\/\\\/i0.wp.com\\\/nahastkasitoo.ee\\\/wp-content\\\/uploads\\\/2020\\\/06\\\/KayeLeatherGoods-poe-logo-labipaistev.png?fit=1500%2C1500&ssl=1\",\"width\":1500,\"height\":1500,\"caption\":\"Nahast k\u00e4sit\u00f6\u00f6\"},\"image\":{\"@id\":\"https:\\\/\\\/nahastkasitoo.ee\\\/#\\\/schema\\\/logo\\\/image\\\/\"}}]}<\/script>\n<!-- \/ Yoast SEO plugin. -->","yoast_head_json":{"title":"Teenused","robots":{"index":"index","follow":"follow","max-snippet":"max-snippet:-1","max-image-preview":"max-image-preview:large","max-video-preview":"max-video-preview:-1"},"canonical":"https:\/\/nahastkasitoo.ee\/en\/teenused\/","og_locale":"en_US","og_type":"article","og_title":"[:et]Teenused[:] - Kaye Leather Goods","og_description":"[vc_section full_width=&#8221;stretch_row&#8221; pix_bg_grdient=&#8221;bg-gradient-primary&#8221; fade_in_opacity=&#8221;pix-opacity-4&#8243; pix_over_visibility=&#8221;&#8221; css=&#8221;.vc_custom_1639517821317{padding-top: 150px !important;padding-bottom: 150px !important;background-color: rgba(215,234,173,0.46) !important;*background-color: rgb(215,234,173) !important;}&#8221; fade_in_intro=&#8221;13942&#8243;][vc_row pix_particles_check=&#8221;&#8221;][vc_column][\/vc_column][\/vc_row][\/vc_section][vc_row pix_particles_check=&#8221;&#8221; css=&#8221;.vc_custom_1632831506081{margin-top: 50px !important;margin-bottom: 50px !important;}&#8221;][vc_column width=&#8221;2\/3&#8243;][vc_column_text]Kui sul on oma n\u00e4gemus, millist pilti v\u00f5i teksti soovid, kas raamatule, albumile v\u00f5i veel tootevalikus olevatele esemetele,...","og_url":"https:\/\/nahastkasitoo.ee\/en\/teenused\/","og_site_name":"Kaye Leather Goods","article_modified_time":"2023-08-23T16:24:55+00:00","twitter_card":"summary_large_image","twitter_misc":{"Est. reading time":"1 minute"},"schema":{"@context":"https:\/\/schema.org","@graph":[{"@type":"WebPage","@id":"https:\/\/nahastkasitoo.ee\/teenused\/","url":"https:\/\/nahastkasitoo.ee\/teenused\/","name":"Teenused","isPartOf":{"@id":"https:\/\/nahastkasitoo.ee\/#website"},"datePublished":"2021-09-28T12:02:50+00:00","dateModified":"2023-08-23T16:24:55+00:00","breadcrumb":{"@id":"https:\/\/nahastkasitoo.ee\/teenused\/#breadcrumb"},"inLanguage":"en-US","potentialAction":[{"@type":"ReadAction","target":["https:\/\/nahastkasitoo.ee\/teenused\/"]}]},{"@type":"BreadcrumbList","@id":"https:\/\/nahastkasitoo.ee\/teenused\/#breadcrumb","itemListElement":[{"@type":"ListItem","position":1,"name":"Home","item":"https:\/\/nahastkasitoo.ee\/"},{"@type":"ListItem","position":2,"name":"Teenused"}]},{"@type":"WebSite","@id":"https:\/\/nahastkasitoo.ee\/#website","url":"https:\/\/nahastkasitoo.ee\/","name":"Kaye Leather Goods","description":"Eestimaine nahastk\u00e4sit\u00f6\u00f6","publisher":{"@id":"https:\/\/nahastkasitoo.ee\/#organization"},"potentialAction":[{"@type":"SearchAction","target":{"@type":"EntryPoint","urlTemplate":"https:\/\/nahastkasitoo.ee\/?s={search_term_string}"},"query-input":{"@type":"PropertyValueSpecification","valueRequired":true,"valueName":"search_term_string"}}],"inLanguage":"en-US"},{"@type":"Organization","@id":"https:\/\/nahastkasitoo.ee\/#organization","name":"Nahast k\u00e4sit\u00f6\u00f6","url":"https:\/\/nahastkasitoo.ee\/","logo":{"@type":"ImageObject","inLanguage":"en-US","@id":"https:\/\/nahastkasitoo.ee\/#\/schema\/logo\/image\/","url":"https:\/\/i0.wp.com\/nahastkasitoo.ee\/wp-content\/uploads\/2020\/06\/KayeLeatherGoods-poe-logo-labipaistev.png?fit=1500%2C1500&ssl=1","contentUrl":"https:\/\/i0.wp.com\/nahastkasitoo.ee\/wp-content\/uploads\/2020\/06\/KayeLeatherGoods-poe-logo-labipaistev.png?fit=1500%2C1500&ssl=1","width":1500,"height":1500,"caption":"Nahast k\u00e4sit\u00f6\u00f6"},"image":{"@id":"https:\/\/nahastkasitoo.ee\/#\/schema\/logo\/image\/"}}]}},"jetpack_sharing_enabled":true,"_links":{"self":[{"href":"https:\/\/nahastkasitoo.ee\/en\/wp-json\/wp\/v2\/pages\/13452","targetHints":{"allow":["GET"]}}],"collection":[{"href":"https:\/\/nahastkasitoo.ee\/en\/wp-json\/wp\/v2\/pages"}],"about":[{"href":"https:\/\/nahastkasitoo.ee\/en\/wp-json\/wp\/v2\/types\/page"}],"author":[{"embeddable":true,"href":"https:\/\/nahastkasitoo.ee\/en\/wp-json\/wp\/v2\/users\/4"}],"replies":[{"embeddable":true,"href":"https:\/\/nahastkasitoo.ee\/en\/wp-json\/wp\/v2\/comments?post=13452"}],"version-history":[{"count":5,"href":"https:\/\/nahastkasitoo.ee\/en\/wp-json\/wp\/v2\/pages\/13452\/revisions"}],"predecessor-version":[{"id":14955,"href":"https:\/\/nahastkasitoo.ee\/en\/wp-json\/wp\/v2\/pages\/13452\/revisions\/14955"}],"wp:attachment":[{"href":"https:\/\/nahastkasitoo.ee\/en\/wp-json\/wp\/v2\/media?parent=13452"}],"curies":[{"name":"wp","href":"https:\/\/api.w.org\/{rel}","templated":true}]}}