{"id":13468,"date":"2021-09-28T12:46:45","date_gmt":"2021-09-28T12:46:45","guid":{"rendered":"https:\/\/nahastkasitoo.ee\/?page_id=13468"},"modified":"2023-08-22T21:14:01","modified_gmt":"2023-08-22T21:14:01","slug":"kategooriad","status":"publish","type":"page","link":"https:\/\/nahastkasitoo.ee\/en\/kategooriad\/","title":{"rendered":"Kategooriad"},"content":{"rendered":"<p>[vc_section full_width=&#8221;stretch_row&#8221; pix_bg_grdient=&#8221;bg-gradient-primary&#8221; fade_in_opacity=&#8221;pix-opacity-3&#8243; pix_over_visibility=&#8221;&#8221; css=&#8221;.vc_custom_1648321724812{padding-top: 150px !important;padding-bottom: 150px !important;background-color: rgba(215,234,173,0.46) !important;*background-color: rgb(215,234,173) !important;}&#8221; fade_in_intro=&#8221;14292&#8243;][vc_row pix_particles_check=&#8221;&#8221;][vc_column]<div  class=\"pix-heading-el text-center \"><div><div class=\"slide-in-container\"><h1 class=\"text-heading-default font-weight-bold heading-text el-title_custom_color mb-12\" style=\"\" data-anim-type=\"\" data-anim-delay=\"0\">Kategooriad<\/h1><\/div><\/div><\/div>[\/vc_column][\/vc_row][\/vc_section][vc_row pix_particles_check=&#8221;&#8221; css=&#8221;.vc_custom_1632830147773{margin-top: 50px !important;}&#8221;][vc_column]<div class=\"woocommerce columns-4\"><ul class=\"products columns-4\">\n<li class=\"product-category product first\">\n\t<a aria-label=\"Visit product category M\u00e4rkmeraamatud\" href=\"https:\/\/nahastkasitoo.ee\/en\/kategooriad\/markmeraamatud\/\"><img loading=\"lazy\" decoding=\"async\" src=\"https:\/\/i0.wp.com\/nahastkasitoo.ee\/wp-content\/uploads\/2021\/12\/Nahast-markmik-Reisipaevik_-scaled-e1638640863632.jpg?resize=300%2C300&#038;ssl=1\" alt=\"M\u00e4rkmeraamatud\" width=\"300\" height=\"300\" \/>\t\t<h2 class=\"woocommerce-loop-category__title\">\n\t\t\tM\u00e4rkmeraamatud <mark class=\"count\">(45)<\/mark>\t\t<\/h2>\n\t\t<\/a><\/li>\n<li class=\"product-category product\">\n\t<a aria-label=\"Visit product category Albumid\" href=\"https:\/\/nahastkasitoo.ee\/en\/kategooriad\/albumid\/\"><img loading=\"lazy\" decoding=\"async\" src=\"https:\/\/i0.wp.com\/nahastkasitoo.ee\/wp-content\/uploads\/2021\/12\/Nahast-album_Roos_turkiis_5-scaled-e1639432230298.jpg?resize=300%2C300&#038;ssl=1\" alt=\"Albumid\" width=\"300\" height=\"300\" \/>\t\t<h2 class=\"woocommerce-loop-category__title\">\n\t\t\tAlbumid <mark class=\"count\">(14)<\/mark>\t\t<\/h2>\n\t\t<\/a><\/li>\n<li class=\"product-category product\">\n\t<a aria-label=\"Visit product category V\u00f5tmehoidjad\" href=\"https:\/\/nahastkasitoo.ee\/en\/kategooriad\/votmehoidjad\/\"><img loading=\"lazy\" decoding=\"async\" src=\"https:\/\/i0.wp.com\/nahastkasitoo.ee\/wp-content\/uploads\/2021\/12\/Votmehoidja-taskuga-_KELDI-KOMPASS__-must_-scaled-e1638801344686.jpg?resize=300%2C300&#038;ssl=1\" alt=\"V\u00f5tmehoidjad\" width=\"300\" height=\"300\" \/>\t\t<h2 class=\"woocommerce-loop-category__title\">\n\t\t\tV\u00f5tmehoidjad <mark class=\"count\">(9)<\/mark>\t\t<\/h2>\n\t\t<\/a><\/li>\n<li class=\"product-category product last\">\n\t<a aria-label=\"Visit product category K\u00e4ekotid\" href=\"https:\/\/nahastkasitoo.ee\/en\/kategooriad\/kaekotid\/\"><img loading=\"lazy\" decoding=\"async\" src=\"https:\/\/i0.wp.com\/nahastkasitoo.ee\/wp-content\/uploads\/2023\/08\/Kaekott-scaled-e1693153154573.jpg?resize=300%2C300&#038;ssl=1\" alt=\"K\u00e4ekotid\" width=\"300\" height=\"300\" \/>\t\t<h2 class=\"woocommerce-loop-category__title\">\n\t\t\tK\u00e4ekotid <mark class=\"count\">(3)<\/mark>\t\t<\/h2>\n\t\t<\/a><\/li>\n<li class=\"product-category product first\">\n\t<a aria-label=\"Visit product category Kosmeetikakotid\" href=\"https:\/\/nahastkasitoo.ee\/en\/kategooriad\/kosmeetikakotid\/\"><img loading=\"lazy\" decoding=\"async\" src=\"https:\/\/i0.wp.com\/nahastkasitoo.ee\/wp-content\/uploads\/2021\/12\/Kosmeetikakott-_ROOS__kollane-scaled-e1638794685385.jpg?resize=300%2C300&#038;ssl=1\" alt=\"Kosmeetikakotid\" width=\"300\" height=\"300\" \/>\t\t<h2 class=\"woocommerce-loop-category__title\">\n\t\t\tKosmeetikakotid <mark class=\"count\">(5)<\/mark>\t\t<\/h2>\n\t\t<\/a><\/li>\n<li class=\"product-category product\">\n\t<a aria-label=\"Visit product category Prillitoosid\" href=\"https:\/\/nahastkasitoo.ee\/en\/kategooriad\/prillitoosid\/\"><img loading=\"lazy\" decoding=\"async\" src=\"https:\/\/i0.wp.com\/nahastkasitoo.ee\/wp-content\/uploads\/2021\/12\/Nahast-prillitoos_Roos_-scaled-e1640695757506.jpg?resize=300%2C300&#038;ssl=1\" alt=\"Prillitoosid\" width=\"300\" height=\"300\" \/>\t\t<h2 class=\"woocommerce-loop-category__title\">\n\t\t\tPrillitoosid <mark class=\"count\">(11)<\/mark>\t\t<\/h2>\n\t\t<\/a><\/li>\n<li class=\"product-category product\">\n\t<a aria-label=\"Visit product category Kalenderm\u00e4rkmiku kaaned\" href=\"https:\/\/nahastkasitoo.ee\/en\/kategooriad\/kalendermarkmiku-kaaned\/\"><img loading=\"lazy\" decoding=\"async\" src=\"https:\/\/i0.wp.com\/nahastkasitoo.ee\/wp-content\/uploads\/2022\/03\/nahast-kaaned-kalendermarkmikule-scaled-e1648334641773.jpg?resize=300%2C300&#038;ssl=1\" alt=\"Kalenderm\u00e4rkmiku kaaned\" width=\"300\" height=\"300\" \/>\t\t<h2 class=\"woocommerce-loop-category__title\">\n\t\t\tKalenderm\u00e4rkmiku kaaned <mark class=\"count\">(1)<\/mark>\t\t<\/h2>\n\t\t<\/a><\/li>\n<\/ul>\n<\/div>[\/vc_column][\/vc_row][vc_row pix_particles_check=&#8221;&#8221;][vc_column]<div id=\"spacer-29196218\" class=\"w-100 d-block \"><\/div>[\/vc_column][\/vc_row]<\/p>","protected":false},"excerpt":{"rendered":"[vc_section full_width=&#8221;stretch_row&#8221; pix_bg_grdient=&#8221;bg-gradient-primary&#8221; fade_in_opacity=&#8221;pix-opacity-3&#8243; pix_over_visibility=&#8221;&#8221; css=&#8221;.vc_custom_1648321724812{padding-top: 150px !important;padding-bottom: 150px !important;background-color: rgba(215,234,173,0.46) !important;*background-color: rgb(215,234,173) !important;}&#8221; fade_in_intro=&#8221;14292&#8243;][vc_row pix_particles_check=&#8221;&#8221;][vc_column][\/vc_column][\/vc_row][\/vc_section][vc_row pix_particles_check=&#8221;&#8221; css=&#8221;.vc_custom_1632830147773{margin-top: 50px !important;}&#8221;][vc_column][\/vc_column][\/vc_row][vc_row pix_particles_check=&#8221;&#8221;][vc_column][\/vc_column][\/vc_row]","protected":false},"author":4,"featured_media":0,"parent":0,"menu_order":0,"comment_status":"closed","ping_status":"closed","template":"","meta":{"footnotes":""},"class_list":["post-13468","page","type-page","status-publish","hentry"],"yoast_head":"<!-- This site is optimized with the Yoast SEO plugin v27.5 - https:\/\/yoast.com\/product\/yoast-seo-wordpress\/ -->\n<title>Kategooriad<\/title>\n<meta name=\"description\" content=\"Eesti k\u00e4sit\u00f6\u00f6 eestimaisest taimparknahast. Nahkk\u00f6ites m\u00e4rkmeraamatud, albumid, passikaaned, prillitoosid, kotid, kaaned kalenderm\u00e4rkmikule jm.\" \/>\n<meta name=\"robots\" content=\"index, follow, max-snippet:-1, max-image-preview:large, max-video-preview:-1\" \/>\n<link rel=\"canonical\" href=\"https:\/\/nahastkasitoo.ee\/en\/kategooriad\/\" \/>\n<meta property=\"og:locale\" content=\"en_US\" \/>\n<meta property=\"og:locale:alternate\" content=\"et\" \/>\n<meta property=\"og:type\" content=\"article\" \/>\n<meta property=\"og:title\" content=\"Kategooriad\" \/>\n<meta property=\"og:description\" content=\"Eesti k\u00e4sit\u00f6\u00f6 eestimaisest taimparknahast. Nahkk\u00f6ites m\u00e4rkmeraamatud, albumid, passikaaned, prillitoosid, kotid, kaaned kalenderm\u00e4rkmikule jm.\" \/>\n<meta property=\"og:url\" content=\"https:\/\/nahastkasitoo.ee\/en\/kategooriad\/\" \/>\n<meta property=\"og:site_name\" content=\"Kaye Leather Goods\" \/>\n<meta property=\"article:modified_time\" content=\"2023-08-22T21:14:01+00:00\" \/>\n<meta name=\"twitter:card\" content=\"summary_large_image\" \/>\n<meta name=\"twitter:label1\" content=\"Est. reading time\" \/>\n\t<meta name=\"twitter:data1\" content=\"1 minute\" \/>\n<script type=\"application\/ld+json\" class=\"yoast-schema-graph\">{\"@context\":\"https:\\\/\\\/schema.org\",\"@graph\":[{\"@type\":\"WebPage\",\"@id\":\"https:\\\/\\\/nahastkasitoo.ee\\\/kategooriad\\\/\",\"url\":\"https:\\\/\\\/nahastkasitoo.ee\\\/kategooriad\\\/\",\"name\":\"Kategooriad\",\"isPartOf\":{\"@id\":\"https:\\\/\\\/nahastkasitoo.ee\\\/#website\"},\"datePublished\":\"2021-09-28T12:46:45+00:00\",\"dateModified\":\"2023-08-22T21:14:01+00:00\",\"description\":\"Eesti k\u00e4sit\u00f6\u00f6 eestimaisest taimparknahast. Nahkk\u00f6ites m\u00e4rkmeraamatud, albumid, passikaaned, prillitoosid, kotid, kaaned kalenderm\u00e4rkmikule jm.\",\"breadcrumb\":{\"@id\":\"https:\\\/\\\/nahastkasitoo.ee\\\/kategooriad\\\/#breadcrumb\"},\"inLanguage\":\"en-US\",\"potentialAction\":[{\"@type\":\"ReadAction\",\"target\":[\"https:\\\/\\\/nahastkasitoo.ee\\\/kategooriad\\\/\"]}]},{\"@type\":\"BreadcrumbList\",\"@id\":\"https:\\\/\\\/nahastkasitoo.ee\\\/kategooriad\\\/#breadcrumb\",\"itemListElement\":[{\"@type\":\"ListItem\",\"position\":1,\"name\":\"Home\",\"item\":\"https:\\\/\\\/nahastkasitoo.ee\\\/\"},{\"@type\":\"ListItem\",\"position\":2,\"name\":\"Kategooriad\"}]},{\"@type\":\"WebSite\",\"@id\":\"https:\\\/\\\/nahastkasitoo.ee\\\/#website\",\"url\":\"https:\\\/\\\/nahastkasitoo.ee\\\/\",\"name\":\"Kaye Leather Goods\",\"description\":\"Eestimaine nahastk\u00e4sit\u00f6\u00f6\",\"publisher\":{\"@id\":\"https:\\\/\\\/nahastkasitoo.ee\\\/#organization\"},\"potentialAction\":[{\"@type\":\"SearchAction\",\"target\":{\"@type\":\"EntryPoint\",\"urlTemplate\":\"https:\\\/\\\/nahastkasitoo.ee\\\/?s={search_term_string}\"},\"query-input\":{\"@type\":\"PropertyValueSpecification\",\"valueRequired\":true,\"valueName\":\"search_term_string\"}}],\"inLanguage\":\"en-US\"},{\"@type\":\"Organization\",\"@id\":\"https:\\\/\\\/nahastkasitoo.ee\\\/#organization\",\"name\":\"Nahast k\u00e4sit\u00f6\u00f6\",\"url\":\"https:\\\/\\\/nahastkasitoo.ee\\\/\",\"logo\":{\"@type\":\"ImageObject\",\"inLanguage\":\"en-US\",\"@id\":\"https:\\\/\\\/nahastkasitoo.ee\\\/#\\\/schema\\\/logo\\\/image\\\/\",\"url\":\"https:\\\/\\\/i0.wp.com\\\/nahastkasitoo.ee\\\/wp-content\\\/uploads\\\/2020\\\/06\\\/KayeLeatherGoods-poe-logo-labipaistev.png?fit=1500%2C1500&ssl=1\",\"contentUrl\":\"https:\\\/\\\/i0.wp.com\\\/nahastkasitoo.ee\\\/wp-content\\\/uploads\\\/2020\\\/06\\\/KayeLeatherGoods-poe-logo-labipaistev.png?fit=1500%2C1500&ssl=1\",\"width\":1500,\"height\":1500,\"caption\":\"Nahast k\u00e4sit\u00f6\u00f6\"},\"image\":{\"@id\":\"https:\\\/\\\/nahastkasitoo.ee\\\/#\\\/schema\\\/logo\\\/image\\\/\"}}]}<\/script>\n<!-- \/ Yoast SEO plugin. -->","yoast_head_json":{"title":"Kategooriad","description":"Eesti k\u00e4sit\u00f6\u00f6 eestimaisest taimparknahast. Nahkk\u00f6ites m\u00e4rkmeraamatud, albumid, passikaaned, prillitoosid, kotid, kaaned kalenderm\u00e4rkmikule jm.","robots":{"index":"index","follow":"follow","max-snippet":"max-snippet:-1","max-image-preview":"max-image-preview:large","max-video-preview":"max-video-preview:-1"},"canonical":"https:\/\/nahastkasitoo.ee\/en\/kategooriad\/","og_locale":"en_US","og_type":"article","og_title":"[:et]Kategooriad[:] - Kaye Leather Goods","og_description":"Eesti k\u00e4sit\u00f6\u00f6 eestimaisest taimparknahast. Nahkk\u00f6ites m\u00e4rkmeraamatud, albumid, passikaaned, prillitoosid, kotid, kaaned kalenderm\u00e4rkmikule jm.","og_url":"https:\/\/nahastkasitoo.ee\/en\/kategooriad\/","og_site_name":"Kaye Leather Goods","article_modified_time":"2023-08-22T21:14:01+00:00","twitter_card":"summary_large_image","twitter_misc":{"Est. reading time":"1 minute"},"schema":{"@context":"https:\/\/schema.org","@graph":[{"@type":"WebPage","@id":"https:\/\/nahastkasitoo.ee\/kategooriad\/","url":"https:\/\/nahastkasitoo.ee\/kategooriad\/","name":"Kategooriad","isPartOf":{"@id":"https:\/\/nahastkasitoo.ee\/#website"},"datePublished":"2021-09-28T12:46:45+00:00","dateModified":"2023-08-22T21:14:01+00:00","description":"Eesti k\u00e4sit\u00f6\u00f6 eestimaisest taimparknahast. Nahkk\u00f6ites m\u00e4rkmeraamatud, albumid, passikaaned, prillitoosid, kotid, kaaned kalenderm\u00e4rkmikule jm.","breadcrumb":{"@id":"https:\/\/nahastkasitoo.ee\/kategooriad\/#breadcrumb"},"inLanguage":"en-US","potentialAction":[{"@type":"ReadAction","target":["https:\/\/nahastkasitoo.ee\/kategooriad\/"]}]},{"@type":"BreadcrumbList","@id":"https:\/\/nahastkasitoo.ee\/kategooriad\/#breadcrumb","itemListElement":[{"@type":"ListItem","position":1,"name":"Home","item":"https:\/\/nahastkasitoo.ee\/"},{"@type":"ListItem","position":2,"name":"Kategooriad"}]},{"@type":"WebSite","@id":"https:\/\/nahastkasitoo.ee\/#website","url":"https:\/\/nahastkasitoo.ee\/","name":"Kaye Leather Goods","description":"Eestimaine nahastk\u00e4sit\u00f6\u00f6","publisher":{"@id":"https:\/\/nahastkasitoo.ee\/#organization"},"potentialAction":[{"@type":"SearchAction","target":{"@type":"EntryPoint","urlTemplate":"https:\/\/nahastkasitoo.ee\/?s={search_term_string}"},"query-input":{"@type":"PropertyValueSpecification","valueRequired":true,"valueName":"search_term_string"}}],"inLanguage":"en-US"},{"@type":"Organization","@id":"https:\/\/nahastkasitoo.ee\/#organization","name":"Nahast k\u00e4sit\u00f6\u00f6","url":"https:\/\/nahastkasitoo.ee\/","logo":{"@type":"ImageObject","inLanguage":"en-US","@id":"https:\/\/nahastkasitoo.ee\/#\/schema\/logo\/image\/","url":"https:\/\/i0.wp.com\/nahastkasitoo.ee\/wp-content\/uploads\/2020\/06\/KayeLeatherGoods-poe-logo-labipaistev.png?fit=1500%2C1500&ssl=1","contentUrl":"https:\/\/i0.wp.com\/nahastkasitoo.ee\/wp-content\/uploads\/2020\/06\/KayeLeatherGoods-poe-logo-labipaistev.png?fit=1500%2C1500&ssl=1","width":1500,"height":1500,"caption":"Nahast k\u00e4sit\u00f6\u00f6"},"image":{"@id":"https:\/\/nahastkasitoo.ee\/#\/schema\/logo\/image\/"}}]}},"jetpack_sharing_enabled":true,"_links":{"self":[{"href":"https:\/\/nahastkasitoo.ee\/en\/wp-json\/wp\/v2\/pages\/13468","targetHints":{"allow":["GET"]}}],"collection":[{"href":"https:\/\/nahastkasitoo.ee\/en\/wp-json\/wp\/v2\/pages"}],"about":[{"href":"https:\/\/nahastkasitoo.ee\/en\/wp-json\/wp\/v2\/types\/page"}],"author":[{"embeddable":true,"href":"https:\/\/nahastkasitoo.ee\/en\/wp-json\/wp\/v2\/users\/4"}],"replies":[{"embeddable":true,"href":"https:\/\/nahastkasitoo.ee\/en\/wp-json\/wp\/v2\/comments?post=13468"}],"version-history":[{"count":5,"href":"https:\/\/nahastkasitoo.ee\/en\/wp-json\/wp\/v2\/pages\/13468\/revisions"}],"predecessor-version":[{"id":14923,"href":"https:\/\/nahastkasitoo.ee\/en\/wp-json\/wp\/v2\/pages\/13468\/revisions\/14923"}],"wp:attachment":[{"href":"https:\/\/nahastkasitoo.ee\/en\/wp-json\/wp\/v2\/media?parent=13468"}],"curies":[{"name":"wp","href":"https:\/\/api.w.org\/{rel}","templated":true}]}}