{"id":13679,"date":"2021-11-12T13:05:20","date_gmt":"2021-11-12T13:05:20","guid":{"rendered":"https:\/\/nahastkasitoo.ee\/?page_id=13679"},"modified":"2022-03-29T20:07:34","modified_gmt":"2022-03-29T20:07:34","slug":"hulgimuuk","status":"publish","type":"page","link":"https:\/\/nahastkasitoo.ee\/en\/hulgimuuk\/","title":{"rendered":"Hulgim\u00fc\u00fck"},"content":{"rendered":"[vc_section full_width=&#8221;stretch_row&#8221; pix_bg_grdient=&#8221;bg-gradient-primary&#8221; fade_in_opacity=&#8221;pix-opacity-5&#8243; pix_over_visibility=&#8221;&#8221; css=&#8221;.vc_custom_1639518031228{padding-top: 150px !important;padding-bottom: 150px !important;background-color: rgba(215,234,173,0.46) !important;*background-color: rgb(215,234,173) !important;}&#8221; fade_in_intro=&#8221;13936&#8243;][vc_row pix_particles_check=&#8221;&#8221;][vc_column]<div  class=\"pix-heading-el text-center \"><div><div class=\"slide-in-container\"><h1 class=\"text-white font-weight-bold heading-text el-title_custom_color mb-12\" style=\"\" data-anim-type=\"\" data-anim-delay=\"0\">Hulgim\u00fc\u00fck<\/h1><\/div><\/div><\/div>[\/vc_column][\/vc_row][\/vc_section][vc_row pix_particles_check=&#8221;&#8221; css=&#8221;.vc_custom_1632831506081{margin-top: 50px !important;margin-bottom: 50px !important;}&#8221;][vc_column width=&#8221;2\/3&#8243;][vc_column_text]\r\n<ul>\r\n \t<li>Soovite teha ettev\u00f5ttele reklaami?<\/li>\r\n \t<li>Siin on v\u00f5imalus tellida oma firma logoga v\u00f5i nimelisi kingitusi.<\/li>\r\n \t<li>Nimeline kingitus on alati\u00a0 hinnatud ja meeldej\u00e4\u00e4v valik.<\/li>\r\n \t<li>Huvi korral leia poes pakutavast tootesarjast lemmikud ja anna varakult soovidest teada, siis on kindel, et tellimus \u00f5igeks ajaks kohale j\u00f5uab.<\/li>\r\n<\/ul>\r\n[\/vc_column_text][\/vc_column][vc_column width=&#8221;1\/3&#8243;]<a  href=\"https:\/\/nahastkasitoo.ee\/kontakt\/\" class=\"btn mb-2     btn-primary d-inline-block      btn-md\"     ><span class=\"font-weight-bold \" >V\u00f5ta \u00fchendust<\/span><\/a>[\/vc_column][\/vc_row][vc_row pix_particles_check=&#8221;&#8221;][vc_column]<div  class=\"pix-heading-el text-left \"><div><div class=\"slide-in-container\"><h3 class=\"text-heading-default font-weight-bold heading-text el-title_custom_color mb-12\" style=\"\" data-anim-type=\"\" data-anim-delay=\"0\">Tehtud t\u00f6\u00f6d<\/h3><\/div><\/div><\/div><div class=\"\"><div id=\"pix-slider-179411897\" class=\"pix-main-slider pix-fix-x2  pix-style-standard pix-effect-standard   pix-slider-3 pix-slider-dots  \" data-flickity='{\"autoPlay\":false,\"freeScroll\":false,\"prevNextButtons\":true,\"wrapAround\":true,\"pageDots\":true,\"adaptiveHeight\":true,\"rightToLeft\":false,\"cellAlign\":\"center\",\"contain\":true,\"slider_effect\":\"pix-effect-standard\",\"pix_id\":\"#pix-slider-179411897\"}'><div class=\"carousel-cell\"><div class=\"slide-inner pix-p-10\"><div class=\"pix-slider-effects\"><div class=\"text-left w-100 d-inline-block rounded-0\"  ><img decoding=\"async\" class=\"card-img rounded-0 h-100\" srcset=\"\" sizes=\"(max-width: 640px) 100vw, 640px\" src=\"https:\/\/i0.wp.com\/nahastkasitoo.ee\/wp-content\/uploads\/2021\/12\/votmehoidjad-hulgi-2-scaled-e1638899746232.jpg?fit=700%2C604&ssl=1\" alt=\"V\u00f5tmehoidjad\" style=\"\"\/><\/div><\/div><\/div><\/div><div class=\"carousel-cell\"><div class=\"slide-inner pix-p-10\"><div class=\"pix-slider-effects\"><div class=\"text-left w-100 d-inline-block rounded-0\"  ><img decoding=\"async\" class=\"card-img rounded-0 h-100\" srcset=\"\" sizes=\"(max-width: 600px) 100vw, 600px\" src=\"https:\/\/i0.wp.com\/nahastkasitoo.ee\/wp-content\/uploads\/2021\/12\/Rahatasku-1-scaled-e1638901157212.jpg?fit=600%2C600&ssl=1\" alt=\"Raha kinketaskud\" style=\"\"\/><\/div><\/div><\/div><\/div><div class=\"carousel-cell\"><div class=\"slide-inner pix-p-10\"><div class=\"pix-slider-effects\"><div class=\"text-left w-100 d-inline-block rounded-0\"  ><img decoding=\"async\" class=\"card-img rounded-0 h-100\" srcset=\"\" sizes=\"(max-width: 640px) 100vw, 640px\" src=\"https:\/\/i0.wp.com\/nahastkasitoo.ee\/wp-content\/uploads\/2022\/03\/nahast-kaaned-kalendermarkmikule-scaled-e1648334641773.jpg?fit=700%2C435&ssl=1\" alt=\"Nahast m\u00e4rkmikud\" style=\"\"\/><\/div><\/div><\/div><\/div><div class=\"carousel-cell\"><div class=\"slide-inner pix-p-10\"><div class=\"pix-slider-effects\"><div class=\"text-left w-100 d-inline-block rounded-0\"  ><img decoding=\"async\" class=\"card-img rounded-0 h-100\" srcset=\"\" sizes=\"(max-width: 580px) 100vw, 580px\" src=\"https:\/\/i0.wp.com\/nahastkasitoo.ee\/wp-content\/uploads\/2021\/12\/Jarjehoidjad_-scaled-e1638906194358.jpg?fit=580%2C580&ssl=1\" alt=\"J\u00e4rjehoidjad\" style=\"\"\/><\/div><\/div><\/div><\/div><\/div><\/div>[\/vc_column][\/vc_row]","protected":false},"excerpt":{"rendered":"[vc_section full_width=&#8221;stretch_row&#8221; pix_bg_grdient=&#8221;bg-gradient-primary&#8221; fade_in_opacity=&#8221;pix-opacity-5&#8243; pix_over_visibility=&#8221;&#8221; css=&#8221;.vc_custom_1639518031228{padding-top: 150px !important;padding-bottom: 150px !important;background-color: rgba(215,234,173,0.46) !important;*background-color: rgb(215,234,173) !important;}&#8221; fade_in_intro=&#8221;13936&#8243;][vc_row pix_particles_check=&#8221;&#8221;][vc_column][\/vc_column][\/vc_row][\/vc_section][vc_row pix_particles_check=&#8221;&#8221; css=&#8221;.vc_custom_1632831506081{margin-top: 50px !important;margin-bottom: 50px !important;}&#8221;][vc_column width=&#8221;2\/3&#8243;][vc_column_text] Soovite teha ettev\u00f5ttele reklaami? Siin on v\u00f5imalus tellida oma firma logoga v\u00f5i nimelisi kingitusi. Nimeline kingitus on&#8230;","protected":false},"author":4,"featured_media":14319,"parent":0,"menu_order":0,"comment_status":"closed","ping_status":"closed","template":"","meta":{"footnotes":""},"class_list":["post-13679","page","type-page","status-publish","has-post-thumbnail","hentry"],"yoast_head":"<!-- This site is optimized with the Yoast SEO plugin v27.5 - https:\/\/yoast.com\/product\/yoast-seo-wordpress\/ -->\n<title>Hulgim\u00fc\u00fck - Kaye Leather Goods<\/title>\n<meta name=\"description\" content=\"Nahast k\u00e4sit\u00f6\u00f6 hulgim\u00fc\u00fck. Eesti k\u00e4sit\u00f6\u00f6. V\u00f5imalus tellida oma firma logoga v\u00f5i nimelisi kingitusi. V\u00f5tmehoidjad, j\u00e4rjehoidjad, albumid jm.\" \/>\n<meta name=\"robots\" content=\"index, follow, max-snippet:-1, max-image-preview:large, max-video-preview:-1\" \/>\n<link rel=\"canonical\" href=\"https:\/\/nahastkasitoo.ee\/en\/hulgimuuk\/\" \/>\n<meta property=\"og:locale\" content=\"en_US\" \/>\n<meta property=\"og:locale:alternate\" content=\"et\" \/>\n<meta property=\"og:type\" content=\"article\" \/>\n<meta property=\"og:title\" content=\"Hulgim\u00fc\u00fck - Kaye Leather Goods\" \/>\n<meta property=\"og:description\" content=\"Nahast k\u00e4sit\u00f6\u00f6 hulgim\u00fc\u00fck. Eesti k\u00e4sit\u00f6\u00f6. V\u00f5imalus tellida oma firma logoga v\u00f5i nimelisi kingitusi. V\u00f5tmehoidjad, j\u00e4rjehoidjad, albumid jm.\" \/>\n<meta property=\"og:url\" content=\"https:\/\/nahastkasitoo.ee\/en\/hulgimuuk\/\" \/>\n<meta property=\"og:site_name\" content=\"Kaye Leather Goods\" \/>\n<meta property=\"article:modified_time\" content=\"2022-03-29T20:07:34+00:00\" \/>\n<meta property=\"og:image\" content=\"https:\/\/i0.wp.com\/nahastkasitoo.ee\/wp-content\/uploads\/2022\/03\/nahast-kaaned-kalendermarkmikule-scaled-e1648334641773.jpg?fit=700%2C435&ssl=1\" \/>\n\t<meta property=\"og:image:width\" content=\"700\" \/>\n\t<meta property=\"og:image:height\" content=\"435\" \/>\n\t<meta property=\"og:image:type\" content=\"image\/jpeg\" \/>\n<meta name=\"twitter:card\" content=\"summary_large_image\" \/>\n<meta name=\"twitter:label1\" content=\"Est. reading time\" \/>\n\t<meta name=\"twitter:data1\" content=\"1 minute\" \/>\n<script type=\"application\/ld+json\" class=\"yoast-schema-graph\">{\"@context\":\"https:\\\/\\\/schema.org\",\"@graph\":[{\"@type\":\"WebPage\",\"@id\":\"https:\\\/\\\/nahastkasitoo.ee\\\/en\\\/hulgimuuk\\\/\",\"url\":\"https:\\\/\\\/nahastkasitoo.ee\\\/hulgimuuk\\\/\",\"name\":\"Hulgim\u00fc\u00fck - Kaye Leather Goods\",\"isPartOf\":{\"@id\":\"https:\\\/\\\/nahastkasitoo.ee\\\/#website\"},\"primaryImageOfPage\":{\"@id\":\"https:\\\/\\\/nahastkasitoo.ee\\\/hulgimuuk\\\/#primaryimage\"},\"image\":{\"@id\":\"https:\\\/\\\/nahastkasitoo.ee\\\/hulgimuuk\\\/#primaryimage\"},\"thumbnailUrl\":\"https:\\\/\\\/i0.wp.com\\\/nahastkasitoo.ee\\\/wp-content\\\/uploads\\\/2022\\\/03\\\/nahast-kaaned-kalendermarkmikule-scaled-e1648334641773.jpg?fit=700%2C435&ssl=1\",\"datePublished\":\"2021-11-12T13:05:20+00:00\",\"dateModified\":\"2022-03-29T20:07:34+00:00\",\"description\":\"Nahast k\u00e4sit\u00f6\u00f6 hulgim\u00fc\u00fck. Eesti k\u00e4sit\u00f6\u00f6. V\u00f5imalus tellida oma firma logoga v\u00f5i nimelisi kingitusi. V\u00f5tmehoidjad, j\u00e4rjehoidjad, albumid jm.\",\"breadcrumb\":{\"@id\":\"https:\\\/\\\/nahastkasitoo.ee\\\/hulgimuuk\\\/#breadcrumb\"},\"inLanguage\":\"en-US\",\"potentialAction\":[{\"@type\":\"ReadAction\",\"target\":[\"https:\\\/\\\/nahastkasitoo.ee\\\/hulgimuuk\\\/\"]}]},{\"@type\":\"ImageObject\",\"inLanguage\":\"en-US\",\"@id\":\"https:\\\/\\\/nahastkasitoo.ee\\\/hulgimuuk\\\/#primaryimage\",\"url\":\"https:\\\/\\\/i0.wp.com\\\/nahastkasitoo.ee\\\/wp-content\\\/uploads\\\/2022\\\/03\\\/nahast-kaaned-kalendermarkmikule-scaled-e1648334641773.jpg?fit=700%2C435&ssl=1\",\"contentUrl\":\"https:\\\/\\\/i0.wp.com\\\/nahastkasitoo.ee\\\/wp-content\\\/uploads\\\/2022\\\/03\\\/nahast-kaaned-kalendermarkmikule-scaled-e1648334641773.jpg?fit=700%2C435&ssl=1\",\"width\":700,\"height\":435,\"caption\":\"nahast kaaned kalenderm\u00e4rkmikule nahastkasitoo.ee\"},{\"@type\":\"BreadcrumbList\",\"@id\":\"https:\\\/\\\/nahastkasitoo.ee\\\/hulgimuuk\\\/#breadcrumb\",\"itemListElement\":[{\"@type\":\"ListItem\",\"position\":1,\"name\":\"Home\",\"item\":\"https:\\\/\\\/nahastkasitoo.ee\\\/\"},{\"@type\":\"ListItem\",\"position\":2,\"name\":\"Hulgim\u00fc\u00fck\"}]},{\"@type\":\"WebSite\",\"@id\":\"https:\\\/\\\/nahastkasitoo.ee\\\/#website\",\"url\":\"https:\\\/\\\/nahastkasitoo.ee\\\/\",\"name\":\"Kaye Leather Goods\",\"description\":\"Eestimaine nahastk\u00e4sit\u00f6\u00f6\",\"publisher\":{\"@id\":\"https:\\\/\\\/nahastkasitoo.ee\\\/#organization\"},\"potentialAction\":[{\"@type\":\"SearchAction\",\"target\":{\"@type\":\"EntryPoint\",\"urlTemplate\":\"https:\\\/\\\/nahastkasitoo.ee\\\/?s={search_term_string}\"},\"query-input\":{\"@type\":\"PropertyValueSpecification\",\"valueRequired\":true,\"valueName\":\"search_term_string\"}}],\"inLanguage\":\"en-US\"},{\"@type\":\"Organization\",\"@id\":\"https:\\\/\\\/nahastkasitoo.ee\\\/#organization\",\"name\":\"Nahast k\u00e4sit\u00f6\u00f6\",\"url\":\"https:\\\/\\\/nahastkasitoo.ee\\\/\",\"logo\":{\"@type\":\"ImageObject\",\"inLanguage\":\"en-US\",\"@id\":\"https:\\\/\\\/nahastkasitoo.ee\\\/#\\\/schema\\\/logo\\\/image\\\/\",\"url\":\"https:\\\/\\\/i0.wp.com\\\/nahastkasitoo.ee\\\/wp-content\\\/uploads\\\/2020\\\/06\\\/KayeLeatherGoods-poe-logo-labipaistev.png?fit=1500%2C1500&ssl=1\",\"contentUrl\":\"https:\\\/\\\/i0.wp.com\\\/nahastkasitoo.ee\\\/wp-content\\\/uploads\\\/2020\\\/06\\\/KayeLeatherGoods-poe-logo-labipaistev.png?fit=1500%2C1500&ssl=1\",\"width\":1500,\"height\":1500,\"caption\":\"Nahast k\u00e4sit\u00f6\u00f6\"},\"image\":{\"@id\":\"https:\\\/\\\/nahastkasitoo.ee\\\/#\\\/schema\\\/logo\\\/image\\\/\"}}]}<\/script>\n<!-- \/ Yoast SEO plugin. -->","yoast_head_json":{"title":"Hulgim\u00fc\u00fck - Kaye Leather Goods","description":"Nahast k\u00e4sit\u00f6\u00f6 hulgim\u00fc\u00fck. Eesti k\u00e4sit\u00f6\u00f6. V\u00f5imalus tellida oma firma logoga v\u00f5i nimelisi kingitusi. V\u00f5tmehoidjad, j\u00e4rjehoidjad, albumid jm.","robots":{"index":"index","follow":"follow","max-snippet":"max-snippet:-1","max-image-preview":"max-image-preview:large","max-video-preview":"max-video-preview:-1"},"canonical":"https:\/\/nahastkasitoo.ee\/en\/hulgimuuk\/","og_locale":"en_US","og_type":"article","og_title":"Hulgim\u00fc\u00fck - Kaye Leather Goods","og_description":"Nahast k\u00e4sit\u00f6\u00f6 hulgim\u00fc\u00fck. Eesti k\u00e4sit\u00f6\u00f6. V\u00f5imalus tellida oma firma logoga v\u00f5i nimelisi kingitusi. V\u00f5tmehoidjad, j\u00e4rjehoidjad, albumid jm.","og_url":"https:\/\/nahastkasitoo.ee\/en\/hulgimuuk\/","og_site_name":"Kaye Leather Goods","article_modified_time":"2022-03-29T20:07:34+00:00","og_image":[{"width":700,"height":435,"url":"https:\/\/i0.wp.com\/nahastkasitoo.ee\/wp-content\/uploads\/2022\/03\/nahast-kaaned-kalendermarkmikule-scaled-e1648334641773.jpg?fit=700%2C435&ssl=1","type":"image\/jpeg"}],"twitter_card":"summary_large_image","twitter_misc":{"Est. reading time":"1 minute"},"schema":{"@context":"https:\/\/schema.org","@graph":[{"@type":"WebPage","@id":"https:\/\/nahastkasitoo.ee\/en\/hulgimuuk\/","url":"https:\/\/nahastkasitoo.ee\/hulgimuuk\/","name":"Hulgim\u00fc\u00fck - Kaye Leather Goods","isPartOf":{"@id":"https:\/\/nahastkasitoo.ee\/#website"},"primaryImageOfPage":{"@id":"https:\/\/nahastkasitoo.ee\/hulgimuuk\/#primaryimage"},"image":{"@id":"https:\/\/nahastkasitoo.ee\/hulgimuuk\/#primaryimage"},"thumbnailUrl":"https:\/\/i0.wp.com\/nahastkasitoo.ee\/wp-content\/uploads\/2022\/03\/nahast-kaaned-kalendermarkmikule-scaled-e1648334641773.jpg?fit=700%2C435&ssl=1","datePublished":"2021-11-12T13:05:20+00:00","dateModified":"2022-03-29T20:07:34+00:00","description":"Nahast k\u00e4sit\u00f6\u00f6 hulgim\u00fc\u00fck. Eesti k\u00e4sit\u00f6\u00f6. V\u00f5imalus tellida oma firma logoga v\u00f5i nimelisi kingitusi. V\u00f5tmehoidjad, j\u00e4rjehoidjad, albumid jm.","breadcrumb":{"@id":"https:\/\/nahastkasitoo.ee\/hulgimuuk\/#breadcrumb"},"inLanguage":"en-US","potentialAction":[{"@type":"ReadAction","target":["https:\/\/nahastkasitoo.ee\/hulgimuuk\/"]}]},{"@type":"ImageObject","inLanguage":"en-US","@id":"https:\/\/nahastkasitoo.ee\/hulgimuuk\/#primaryimage","url":"https:\/\/i0.wp.com\/nahastkasitoo.ee\/wp-content\/uploads\/2022\/03\/nahast-kaaned-kalendermarkmikule-scaled-e1648334641773.jpg?fit=700%2C435&ssl=1","contentUrl":"https:\/\/i0.wp.com\/nahastkasitoo.ee\/wp-content\/uploads\/2022\/03\/nahast-kaaned-kalendermarkmikule-scaled-e1648334641773.jpg?fit=700%2C435&ssl=1","width":700,"height":435,"caption":"nahast kaaned kalenderm\u00e4rkmikule nahastkasitoo.ee"},{"@type":"BreadcrumbList","@id":"https:\/\/nahastkasitoo.ee\/hulgimuuk\/#breadcrumb","itemListElement":[{"@type":"ListItem","position":1,"name":"Home","item":"https:\/\/nahastkasitoo.ee\/"},{"@type":"ListItem","position":2,"name":"Hulgim\u00fc\u00fck"}]},{"@type":"WebSite","@id":"https:\/\/nahastkasitoo.ee\/#website","url":"https:\/\/nahastkasitoo.ee\/","name":"Kaye Leather Goods","description":"Eestimaine nahastk\u00e4sit\u00f6\u00f6","publisher":{"@id":"https:\/\/nahastkasitoo.ee\/#organization"},"potentialAction":[{"@type":"SearchAction","target":{"@type":"EntryPoint","urlTemplate":"https:\/\/nahastkasitoo.ee\/?s={search_term_string}"},"query-input":{"@type":"PropertyValueSpecification","valueRequired":true,"valueName":"search_term_string"}}],"inLanguage":"en-US"},{"@type":"Organization","@id":"https:\/\/nahastkasitoo.ee\/#organization","name":"Nahast k\u00e4sit\u00f6\u00f6","url":"https:\/\/nahastkasitoo.ee\/","logo":{"@type":"ImageObject","inLanguage":"en-US","@id":"https:\/\/nahastkasitoo.ee\/#\/schema\/logo\/image\/","url":"https:\/\/i0.wp.com\/nahastkasitoo.ee\/wp-content\/uploads\/2020\/06\/KayeLeatherGoods-poe-logo-labipaistev.png?fit=1500%2C1500&ssl=1","contentUrl":"https:\/\/i0.wp.com\/nahastkasitoo.ee\/wp-content\/uploads\/2020\/06\/KayeLeatherGoods-poe-logo-labipaistev.png?fit=1500%2C1500&ssl=1","width":1500,"height":1500,"caption":"Nahast k\u00e4sit\u00f6\u00f6"},"image":{"@id":"https:\/\/nahastkasitoo.ee\/#\/schema\/logo\/image\/"}}]}},"jetpack_sharing_enabled":true,"_links":{"self":[{"href":"https:\/\/nahastkasitoo.ee\/en\/wp-json\/wp\/v2\/pages\/13679","targetHints":{"allow":["GET"]}}],"collection":[{"href":"https:\/\/nahastkasitoo.ee\/en\/wp-json\/wp\/v2\/pages"}],"about":[{"href":"https:\/\/nahastkasitoo.ee\/en\/wp-json\/wp\/v2\/types\/page"}],"author":[{"embeddable":true,"href":"https:\/\/nahastkasitoo.ee\/en\/wp-json\/wp\/v2\/users\/4"}],"replies":[{"embeddable":true,"href":"https:\/\/nahastkasitoo.ee\/en\/wp-json\/wp\/v2\/comments?post=13679"}],"version-history":[{"count":5,"href":"https:\/\/nahastkasitoo.ee\/en\/wp-json\/wp\/v2\/pages\/13679\/revisions"}],"predecessor-version":[{"id":13947,"href":"https:\/\/nahastkasitoo.ee\/en\/wp-json\/wp\/v2\/pages\/13679\/revisions\/13947"}],"wp:featuredmedia":[{"embeddable":true,"href":"https:\/\/nahastkasitoo.ee\/en\/wp-json\/wp\/v2\/media\/14319"}],"wp:attachment":[{"href":"https:\/\/nahastkasitoo.ee\/en\/wp-json\/wp\/v2\/media?parent=13679"}],"curies":[{"name":"wp","href":"https:\/\/api.w.org\/{rel}","templated":true}]}}