{"id":13608,"date":"2021-10-19T09:36:10","date_gmt":"2021-10-19T09:36:10","guid":{"rendered":"https:\/\/nahastkasitoo.ee\/?post_type=product&#038;p=13608"},"modified":"2025-07-30T17:18:55","modified_gmt":"2025-07-30T17:18:55","slug":"nahast-markmik-reisipaevik","status":"publish","type":"product","link":"https:\/\/nahastkasitoo.ee\/en\/tooted\/nahast-markmik-reisipaevik\/","title":{"rendered":"Nahast m\u00e4rkmik &#8211; Reisip\u00e4evik\/tumesinine"},"content":{"rendered":"<div>\n<p class=\"v2MsoNormal\">Raamatu kaaned on valmistatud taimparknahast, mis on v\u00e4rvitud k\u00e4sitsi<br \/>\nveep\u00f5histe v\u00e4rvidega ning kaitstud spetsiaalse mesilasvahast lakiga.<\/p>\n<p class=\"v2MsoNormal\">Kuna tegemist on ehtsa nahaga, v\u00f5ib selle pinnal<br \/>\nesineda looduslikke t\u00e4kkeid v\u00f5i kriimustusi, mis ei m\u00f5juta toodete<br \/>\nhead kvaliteeti, pigem muudavad need ise\u00e4rasused tooted ainulaadseks<br \/>\nja kordumatuks.<\/p>\n<\/div>\n<div><\/div>\n<div>\n<p class=\"v2MsoNormal\">Raamatud on k\u00f6idetud nahast n\u00f6\u00f6ridega, mis on v\u00e4rvitud, lakitud ja l\u00f5igatud k\u00e4sitisi.<\/p>\n<p class=\"v2MsoNormal\">M\u00e4rkmeraamat sisaldab nelja paberiplokki, millest esimene ja viimane plokk on kaetud dekoratiivpaberiga, mis on Nepaali p\u00e4ritolu ja samuti k\u00e4sit\u00f6\u00f6.<\/p>\n<p class=\"v2MsoNormal\">Kokku on kaante vahel 112 lehte ehk 224 lehek\u00fclge, mis on k\u00e4sitsi m\u00f5\u00f5tu rebitud. Paber, mis valmistatud ka k\u00e4sit\u00f6\u00f6na, sobib erinevatele kirjutusvahenditele lisaks veel pliiatsi, s\u00f6e, pastelli ja kriidiga joonistamiseks ning vastab pikaajaliseks s\u00e4ilitamiseks esitatavatele n\u00f5uetele.<\/p>\n<p class=\"v2MsoNormal\"><b>PS.<\/b>\u00a0Toodete v\u00e4rv v\u00f5ib natuke erineda ekraanikuvade ise\u00e4rasuste t\u00f5ttu.<\/p>\n<\/div>\n","protected":false},"excerpt":{"rendered":"<p>See nahast reisip\u00e4evik on eksklusiivne ja meeldej\u00e4\u00e4v kingitus endale v\u00f5i s\u00f5brale, kelle kireks on reisimine ja soov k\u00f5ike j\u00e4\u00e4dvustada nii endale kui ka tulevastele p\u00f5lvkondadele.<br \/>\nSisu rikastamiseks sobivad m\u00e4rkmeraamatu m\u00f5\u00f5dud h\u00e4sti ka fotodele kuni 10x15cm.<\/p>\n<p>&nbsp;<\/p>\n","protected":false},"featured_media":13774,"comment_status":"open","ping_status":"closed","template":"","meta":[],"product_brand":[],"product_cat":[29],"product_tag":[],"class_list":{"0":"post-13608","1":"product","2":"type-product","3":"status-publish","4":"has-post-thumbnail","6":"product_cat-markmeraamatud","8":"first","9":"outofstock","10":"sold-individually","11":"taxable","12":"shipping-taxable","13":"purchasable","14":"product-type-simple"},"yoast_head":"<!-- This site is optimized with the Yoast SEO plugin v27.5 - https:\/\/yoast.com\/product\/yoast-seo-wordpress\/ -->\n<title>Nahast m\u00e4rkmik - Reisip\u00e4evik\/tumesinine<\/title>\n<meta name=\"description\" content=\"See nahast reisip\u00e4evik on eksklusiivne ja meeldej\u00e4\u00e4v kingitus endale v\u00f5i s\u00f5brale, kelle kireks on reisimine ja soov k\u00f5ike j\u00e4\u00e4dvustada. Vaata pakkumisi.\" \/>\n<meta name=\"robots\" content=\"index, follow, max-snippet:-1, max-image-preview:large, max-video-preview:-1\" \/>\n<link rel=\"canonical\" href=\"https:\/\/www.nahastkasitoo.ee\/tooted\/nahast-markmik-reisipaevik\/\" \/>\n<meta property=\"og:locale\" content=\"en_US\" \/>\n<meta property=\"og:locale:alternate\" content=\"et\" \/>\n<meta property=\"og:type\" content=\"article\" \/>\n<meta property=\"og:title\" content=\"Nahast m\u00e4rkmik - Reisip\u00e4evik\/tumesinine\" \/>\n<meta property=\"og:description\" content=\"See nahast reisip\u00e4evik on eksklusiivne ja meeldej\u00e4\u00e4v kingitus endale v\u00f5i s\u00f5brale, kelle kireks on reisimine ja soov k\u00f5ike j\u00e4\u00e4dvustada. Vaata pakkumisi.\" \/>\n<meta property=\"og:url\" content=\"https:\/\/nahastkasitoo.ee\/en\/tooted\/nahast-markmik-reisipaevik\/\" \/>\n<meta property=\"og:site_name\" content=\"Kaye Leather Goods\" \/>\n<meta property=\"article:modified_time\" content=\"2025-07-30T17:18:55+00:00\" \/>\n<meta property=\"og:image\" content=\"https:\/\/www.nahastkasitoo.ee\/wp-content\/uploads\/2021\/12\/Nahast-markmik-Reisipaevik_-scaled-e1638640863632.jpg\" \/>\n\t<meta property=\"og:image:width\" content=\"700\" \/>\n\t<meta property=\"og:image:height\" content=\"700\" \/>\n\t<meta property=\"og:image:type\" content=\"image\/jpeg\" \/>\n<meta name=\"twitter:card\" content=\"summary_large_image\" \/>\n<meta name=\"twitter:label1\" content=\"Est. reading time\" \/>\n\t<meta name=\"twitter:data1\" content=\"1 minute\" \/>\n<script type=\"application\/ld+json\" class=\"yoast-schema-graph\">{\"@context\":\"https:\\\/\\\/schema.org\",\"@graph\":[{\"@type\":\"WebPage\",\"@id\":\"https:\\\/\\\/www.nahastkasitoo.ee\\\/tooted\\\/nahast-markmik-reisipaevik\\\/\",\"url\":\"https:\\\/\\\/www.nahastkasitoo.ee\\\/tooted\\\/nahast-markmik-reisipaevik\\\/\",\"name\":\"Nahast m\u00e4rkmik - Reisip\u00e4evik\\\/tumesinine\",\"isPartOf\":{\"@id\":\"https:\\\/\\\/nahastkasitoo.ee\\\/#website\"},\"primaryImageOfPage\":{\"@id\":\"https:\\\/\\\/www.nahastkasitoo.ee\\\/tooted\\\/nahast-markmik-reisipaevik\\\/#primaryimage\"},\"image\":{\"@id\":\"https:\\\/\\\/www.nahastkasitoo.ee\\\/tooted\\\/nahast-markmik-reisipaevik\\\/#primaryimage\"},\"thumbnailUrl\":\"https:\\\/\\\/i0.wp.com\\\/nahastkasitoo.ee\\\/wp-content\\\/uploads\\\/2021\\\/12\\\/Nahast-markmik-Reisipaevik_-scaled-e1638640863632.jpg?fit=700%2C700&ssl=1\",\"datePublished\":\"2021-10-19T09:36:10+00:00\",\"dateModified\":\"2025-07-30T17:18:55+00:00\",\"description\":\"See nahast reisip\u00e4evik on eksklusiivne ja meeldej\u00e4\u00e4v kingitus endale v\u00f5i s\u00f5brale, kelle kireks on reisimine ja soov k\u00f5ike j\u00e4\u00e4dvustada. Vaata pakkumisi.\",\"breadcrumb\":{\"@id\":\"https:\\\/\\\/www.nahastkasitoo.ee\\\/tooted\\\/nahast-markmik-reisipaevik\\\/#breadcrumb\"},\"inLanguage\":\"en-US\",\"potentialAction\":[{\"@type\":\"ReadAction\",\"target\":[\"https:\\\/\\\/www.nahastkasitoo.ee\\\/tooted\\\/nahast-markmik-reisipaevik\\\/\"]}]},{\"@type\":\"ImageObject\",\"inLanguage\":\"en-US\",\"@id\":\"https:\\\/\\\/www.nahastkasitoo.ee\\\/tooted\\\/nahast-markmik-reisipaevik\\\/#primaryimage\",\"url\":\"https:\\\/\\\/i0.wp.com\\\/nahastkasitoo.ee\\\/wp-content\\\/uploads\\\/2021\\\/12\\\/Nahast-markmik-Reisipaevik_-scaled-e1638640863632.jpg?fit=700%2C700&ssl=1\",\"contentUrl\":\"https:\\\/\\\/i0.wp.com\\\/nahastkasitoo.ee\\\/wp-content\\\/uploads\\\/2021\\\/12\\\/Nahast-markmik-Reisipaevik_-scaled-e1638640863632.jpg?fit=700%2C700&ssl=1\",\"width\":700,\"height\":700,\"caption\":\"nahast m\u00e4rkmik p\u00e4evik tumesinine\"},{\"@type\":\"BreadcrumbList\",\"@id\":\"https:\\\/\\\/www.nahastkasitoo.ee\\\/tooted\\\/nahast-markmik-reisipaevik\\\/#breadcrumb\",\"itemListElement\":[{\"@type\":\"ListItem\",\"position\":1,\"name\":\"Home\",\"item\":\"https:\\\/\\\/nahastkasitoo.ee\\\/\"},{\"@type\":\"ListItem\",\"position\":2,\"name\":\"Tooted\",\"item\":\"https:\\\/\\\/nahastkasitoo.ee\\\/en\\\/tooted-kaye-leather-goods\\\/\"},{\"@type\":\"ListItem\",\"position\":3,\"name\":\"Nahast m\u00e4rkmik &#8211; Reisip\u00e4evik\\\/tumesinine\"}]},{\"@type\":\"WebSite\",\"@id\":\"https:\\\/\\\/nahastkasitoo.ee\\\/#website\",\"url\":\"https:\\\/\\\/nahastkasitoo.ee\\\/\",\"name\":\"Kaye Leather Goods\",\"description\":\"Eestimaine nahastk\u00e4sit\u00f6\u00f6\",\"publisher\":{\"@id\":\"https:\\\/\\\/nahastkasitoo.ee\\\/#organization\"},\"potentialAction\":[{\"@type\":\"SearchAction\",\"target\":{\"@type\":\"EntryPoint\",\"urlTemplate\":\"https:\\\/\\\/nahastkasitoo.ee\\\/?s={search_term_string}\"},\"query-input\":{\"@type\":\"PropertyValueSpecification\",\"valueRequired\":true,\"valueName\":\"search_term_string\"}}],\"inLanguage\":\"en-US\"},{\"@type\":\"Organization\",\"@id\":\"https:\\\/\\\/nahastkasitoo.ee\\\/#organization\",\"name\":\"Nahast k\u00e4sit\u00f6\u00f6\",\"url\":\"https:\\\/\\\/nahastkasitoo.ee\\\/\",\"logo\":{\"@type\":\"ImageObject\",\"inLanguage\":\"en-US\",\"@id\":\"https:\\\/\\\/nahastkasitoo.ee\\\/#\\\/schema\\\/logo\\\/image\\\/\",\"url\":\"https:\\\/\\\/i0.wp.com\\\/nahastkasitoo.ee\\\/wp-content\\\/uploads\\\/2020\\\/06\\\/KayeLeatherGoods-poe-logo-labipaistev.png?fit=1500%2C1500&ssl=1\",\"contentUrl\":\"https:\\\/\\\/i0.wp.com\\\/nahastkasitoo.ee\\\/wp-content\\\/uploads\\\/2020\\\/06\\\/KayeLeatherGoods-poe-logo-labipaistev.png?fit=1500%2C1500&ssl=1\",\"width\":1500,\"height\":1500,\"caption\":\"Nahast k\u00e4sit\u00f6\u00f6\"},\"image\":{\"@id\":\"https:\\\/\\\/nahastkasitoo.ee\\\/#\\\/schema\\\/logo\\\/image\\\/\"}}]}<\/script>\n<!-- \/ Yoast SEO plugin. -->","yoast_head_json":{"title":"Nahast m\u00e4rkmik - Reisip\u00e4evik\/tumesinine","description":"See nahast reisip\u00e4evik on eksklusiivne ja meeldej\u00e4\u00e4v kingitus endale v\u00f5i s\u00f5brale, kelle kireks on reisimine ja soov k\u00f5ike j\u00e4\u00e4dvustada. Vaata pakkumisi.","robots":{"index":"index","follow":"follow","max-snippet":"max-snippet:-1","max-image-preview":"max-image-preview:large","max-video-preview":"max-video-preview:-1"},"canonical":"https:\/\/www.nahastkasitoo.ee\/tooted\/nahast-markmik-reisipaevik\/","og_locale":"en_US","og_type":"article","og_title":"[:et]Nahast m\u00e4rkmik - Reisip\u00e4evik\/tumesinine[:] - Kaye Leather Goods","og_description":"See nahast reisip\u00e4evik on eksklusiivne ja meeldej\u00e4\u00e4v kingitus endale v\u00f5i s\u00f5brale, kelle kireks on reisimine ja soov k\u00f5ike j\u00e4\u00e4dvustada. Vaata pakkumisi.","og_url":"https:\/\/nahastkasitoo.ee\/en\/tooted\/nahast-markmik-reisipaevik\/","og_site_name":"Kaye Leather Goods","article_modified_time":"2025-07-30T17:18:55+00:00","og_image":[{"width":700,"height":700,"url":"https:\/\/www.nahastkasitoo.ee\/wp-content\/uploads\/2021\/12\/Nahast-markmik-Reisipaevik_-scaled-e1638640863632.jpg","type":"image\/jpeg"}],"twitter_card":"summary_large_image","twitter_misc":{"Est. reading time":"1 minute"},"schema":{"@context":"https:\/\/schema.org","@graph":[{"@type":"WebPage","@id":"https:\/\/www.nahastkasitoo.ee\/tooted\/nahast-markmik-reisipaevik\/","url":"https:\/\/www.nahastkasitoo.ee\/tooted\/nahast-markmik-reisipaevik\/","name":"Nahast m\u00e4rkmik - Reisip\u00e4evik\/tumesinine","isPartOf":{"@id":"https:\/\/nahastkasitoo.ee\/#website"},"primaryImageOfPage":{"@id":"https:\/\/www.nahastkasitoo.ee\/tooted\/nahast-markmik-reisipaevik\/#primaryimage"},"image":{"@id":"https:\/\/www.nahastkasitoo.ee\/tooted\/nahast-markmik-reisipaevik\/#primaryimage"},"thumbnailUrl":"https:\/\/i0.wp.com\/nahastkasitoo.ee\/wp-content\/uploads\/2021\/12\/Nahast-markmik-Reisipaevik_-scaled-e1638640863632.jpg?fit=700%2C700&ssl=1","datePublished":"2021-10-19T09:36:10+00:00","dateModified":"2025-07-30T17:18:55+00:00","description":"See nahast reisip\u00e4evik on eksklusiivne ja meeldej\u00e4\u00e4v kingitus endale v\u00f5i s\u00f5brale, kelle kireks on reisimine ja soov k\u00f5ike j\u00e4\u00e4dvustada. Vaata pakkumisi.","breadcrumb":{"@id":"https:\/\/www.nahastkasitoo.ee\/tooted\/nahast-markmik-reisipaevik\/#breadcrumb"},"inLanguage":"en-US","potentialAction":[{"@type":"ReadAction","target":["https:\/\/www.nahastkasitoo.ee\/tooted\/nahast-markmik-reisipaevik\/"]}]},{"@type":"ImageObject","inLanguage":"en-US","@id":"https:\/\/www.nahastkasitoo.ee\/tooted\/nahast-markmik-reisipaevik\/#primaryimage","url":"https:\/\/i0.wp.com\/nahastkasitoo.ee\/wp-content\/uploads\/2021\/12\/Nahast-markmik-Reisipaevik_-scaled-e1638640863632.jpg?fit=700%2C700&ssl=1","contentUrl":"https:\/\/i0.wp.com\/nahastkasitoo.ee\/wp-content\/uploads\/2021\/12\/Nahast-markmik-Reisipaevik_-scaled-e1638640863632.jpg?fit=700%2C700&ssl=1","width":700,"height":700,"caption":"nahast m\u00e4rkmik p\u00e4evik tumesinine"},{"@type":"BreadcrumbList","@id":"https:\/\/www.nahastkasitoo.ee\/tooted\/nahast-markmik-reisipaevik\/#breadcrumb","itemListElement":[{"@type":"ListItem","position":1,"name":"Home","item":"https:\/\/nahastkasitoo.ee\/"},{"@type":"ListItem","position":2,"name":"Tooted","item":"https:\/\/nahastkasitoo.ee\/en\/tooted-kaye-leather-goods\/"},{"@type":"ListItem","position":3,"name":"Nahast m\u00e4rkmik &#8211; Reisip\u00e4evik\/tumesinine"}]},{"@type":"WebSite","@id":"https:\/\/nahastkasitoo.ee\/#website","url":"https:\/\/nahastkasitoo.ee\/","name":"Kaye Leather Goods","description":"Eestimaine nahastk\u00e4sit\u00f6\u00f6","publisher":{"@id":"https:\/\/nahastkasitoo.ee\/#organization"},"potentialAction":[{"@type":"SearchAction","target":{"@type":"EntryPoint","urlTemplate":"https:\/\/nahastkasitoo.ee\/?s={search_term_string}"},"query-input":{"@type":"PropertyValueSpecification","valueRequired":true,"valueName":"search_term_string"}}],"inLanguage":"en-US"},{"@type":"Organization","@id":"https:\/\/nahastkasitoo.ee\/#organization","name":"Nahast k\u00e4sit\u00f6\u00f6","url":"https:\/\/nahastkasitoo.ee\/","logo":{"@type":"ImageObject","inLanguage":"en-US","@id":"https:\/\/nahastkasitoo.ee\/#\/schema\/logo\/image\/","url":"https:\/\/i0.wp.com\/nahastkasitoo.ee\/wp-content\/uploads\/2020\/06\/KayeLeatherGoods-poe-logo-labipaistev.png?fit=1500%2C1500&ssl=1","contentUrl":"https:\/\/i0.wp.com\/nahastkasitoo.ee\/wp-content\/uploads\/2020\/06\/KayeLeatherGoods-poe-logo-labipaistev.png?fit=1500%2C1500&ssl=1","width":1500,"height":1500,"caption":"Nahast k\u00e4sit\u00f6\u00f6"},"image":{"@id":"https:\/\/nahastkasitoo.ee\/#\/schema\/logo\/image\/"}}]}},"jetpack_sharing_enabled":true,"_links":{"self":[{"href":"https:\/\/nahastkasitoo.ee\/en\/wp-json\/wp\/v2\/product\/13608","targetHints":{"allow":["GET"]}}],"collection":[{"href":"https:\/\/nahastkasitoo.ee\/en\/wp-json\/wp\/v2\/product"}],"about":[{"href":"https:\/\/nahastkasitoo.ee\/en\/wp-json\/wp\/v2\/types\/product"}],"replies":[{"embeddable":true,"href":"https:\/\/nahastkasitoo.ee\/en\/wp-json\/wp\/v2\/comments?post=13608"}],"wp:featuredmedia":[{"embeddable":true,"href":"https:\/\/nahastkasitoo.ee\/en\/wp-json\/wp\/v2\/media\/13774"}],"wp:attachment":[{"href":"https:\/\/nahastkasitoo.ee\/en\/wp-json\/wp\/v2\/media?parent=13608"}],"wp:term":[{"taxonomy":"product_brand","embeddable":true,"href":"https:\/\/nahastkasitoo.ee\/en\/wp-json\/wp\/v2\/product_brand?post=13608"},{"taxonomy":"product_cat","embeddable":true,"href":"https:\/\/nahastkasitoo.ee\/en\/wp-json\/wp\/v2\/product_cat?post=13608"},{"taxonomy":"product_tag","embeddable":true,"href":"https:\/\/nahastkasitoo.ee\/en\/wp-json\/wp\/v2\/product_tag?post=13608"}],"curies":[{"name":"wp","href":"https:\/\/api.w.org\/{rel}","templated":true}]}}