{"id":14133,"date":"2021-12-20T21:46:10","date_gmt":"2021-12-20T21:46:10","guid":{"rendered":"https:\/\/nahastkasitoo.ee\/?post_type=product&#038;p=14133"},"modified":"2022-08-31T06:23:30","modified_gmt":"2022-08-31T06:23:30","slug":"nahast-prillitoos-roos-roosa","status":"publish","type":"product","link":"https:\/\/nahastkasitoo.ee\/en\/tooted\/nahast-prillitoos-roos-roosa\/","title":{"rendered":"Nahast prillitoos &#8211; Roos\/roosa"},"content":{"rendered":"<p class=\"v2MsoNormal\">Nahast prillitoos on valmistatud kvaliteetsest eestimaisest<br \/>\ntaimparknahast, mis on v\u00e4rvitud k\u00e4sitsi veep\u00f5histe v\u00e4rvidega ning<br \/>\nkaitstud spetsiaalse mesilasvahast lakiga.<\/p>\n<p class=\"v2MsoNormal\"><span style=\"vertical-align: inherit;\"><span style=\"vertical-align: inherit;\">Kuna tegemist on ehtsa nahaga, v\u00f5ib selle pinnal<\/span><\/span><br \/>\n<span style=\"vertical-align: inherit;\"><span style=\"vertical-align: inherit;\">esineda looduslikke t\u00e4kkeid v\u00f5i kriimustusi, mis ei m\u00f5juta toodete<\/span><\/span><br \/>\n<span style=\"vertical-align: inherit;\"><span style=\"vertical-align: inherit;\">head kvaliteeti, pigem muudavad need ise\u00e4rasused tooted ainulaadseks<\/span><\/span><br \/>\n<span style=\"vertical-align: inherit;\"><span style=\"vertical-align: inherit;\">ja kordumatuks.<\/span><\/span><\/p>\n<p><span style=\"vertical-align: inherit;\"><span style=\"vertical-align: inherit;\">Prillitoos kinnitub magnetkinnisega.<\/span><\/span><\/p>\n<p><strong><span style=\"vertical-align: inherit;\"><span style=\"vertical-align: inherit;\">PS.<\/span><\/span><\/strong><span style=\"vertical-align: inherit;\"><span style=\"vertical-align: inherit;\">\u00a0Toote v\u00e4rv v\u00f5ib natuke erineda ekraanikuvade ise\u00e4rasuste t\u00f5ttu.<\/span><\/span><\/p>\n","protected":false},"excerpt":{"rendered":"<div dir=\"auto\"><span class=\"pq6dq46d tbxw36s4 knj5qynh kvgmc6g5 ditlmg2l oygrvhab nvdbi5me sf5mxxl7 gl3lb2sf hhz5lgdu\"><img loading=\"lazy\" decoding=\"async\" src=\"https:\/\/static.xx.fbcdn.net\/images\/emoji.php\/v9\/t94\/1\/16\/1f49a.png\" alt=\"\ud83d\udc9a\" width=\"16\" height=\"16\" \/> <\/span><span style=\"vertical-align: inherit;\"><span style=\"vertical-align: inherit;\">Kaitse oma prille vastupidavast taimparknahast valmistatud prillitaskuga.<\/span><\/span><\/div>\n<div dir=\"auto\"><span class=\"pq6dq46d tbxw36s4 knj5qynh kvgmc6g5 ditlmg2l oygrvhab nvdbi5me sf5mxxl7 gl3lb2sf hhz5lgdu\"><img loading=\"lazy\" decoding=\"async\" src=\"https:\/\/static.xx.fbcdn.net\/images\/emoji.php\/v9\/t6c\/1\/16\/2764.png\" alt=\"\u2764\ufe0f\" width=\"16\" height=\"16\" \/> <\/span><span style=\"vertical-align: inherit;\"><span style=\"vertical-align: inherit;\">V\u00f5id kindel olla, et see teenib Su prille aastaid.<\/span><\/span><\/div>\n<div dir=\"auto\"><span class=\"pq6dq46d tbxw36s4 knj5qynh kvgmc6g5 ditlmg2l oygrvhab nvdbi5me sf5mxxl7 gl3lb2sf hhz5lgdu\"><img loading=\"lazy\" decoding=\"async\" src=\"https:\/\/static.xx.fbcdn.net\/images\/emoji.php\/v9\/t15\/1\/16\/1f49b.png\" alt=\"\ud83d\udc9b\" width=\"16\" height=\"16\" \/> <\/span><span style=\"vertical-align: inherit;\"><span style=\"vertical-align: inherit;\">Vanas stiilis parajalt suur prillitoos\/tasku mahutab ka suuremad prillid.<\/span><\/span><\/div>\n<div dir=\"auto\"><span class=\"pq6dq46d tbxw36s4 knj5qynh kvgmc6g5 ditlmg2l oygrvhab nvdbi5me sf5mxxl7 gl3lb2sf hhz5lgdu\"><img loading=\"lazy\" decoding=\"async\" src=\"https:\/\/static.xx.fbcdn.net\/images\/emoji.php\/v9\/t84\/1\/16\/1f381.png\" alt=\"\ud83c\udf81\" width=\"16\" height=\"16\" \/><\/span><span style=\"vertical-align: inherit;\"><span style=\"vertical-align: inherit;\"> Hea kingiidee!<\/span><\/span><\/div>\n","protected":false},"featured_media":14179,"comment_status":"open","ping_status":"closed","template":"","meta":[],"product_brand":[],"product_cat":[37],"product_tag":[],"class_list":{"0":"post-14133","1":"product","2":"type-product","3":"status-publish","4":"has-post-thumbnail","6":"product_cat-prillitoosid","8":"first","9":"outofstock","10":"sold-individually","11":"taxable","12":"shipping-taxable","13":"purchasable","14":"product-type-simple"},"yoast_head":"<!-- This site is optimized with the Yoast SEO plugin v27.5 - https:\/\/yoast.com\/product\/yoast-seo-wordpress\/ -->\n<title>Nahast prillitoos - Roos\/roosa<\/title>\n<meta name=\"description\" content=\"Nahast prillitoos - Roos\/roosa on valmistatud kvaliteetsest eestimaisest taimparknahast. Tutvu poes olevate valikutega ja leia oma lemmik.\" \/>\n<meta name=\"robots\" content=\"index, follow, max-snippet:-1, max-image-preview:large, max-video-preview:-1\" \/>\n<link rel=\"canonical\" href=\"https:\/\/nahastkasitoo.ee\/en\/tooted\/nahast-prillitoos-roos-roosa\/\" \/>\n<meta property=\"og:locale\" content=\"en_US\" \/>\n<meta property=\"og:locale:alternate\" content=\"et\" \/>\n<meta property=\"og:type\" content=\"article\" \/>\n<meta property=\"og:title\" content=\"Nahast prillitoos - Roos\/roosa\" \/>\n<meta property=\"og:description\" content=\"Nahast prillitoos - Roos\/roosa on valmistatud kvaliteetsest eestimaisest taimparknahast. Tutvu poes olevate valikutega ja leia oma lemmik.\" \/>\n<meta property=\"og:url\" content=\"https:\/\/nahastkasitoo.ee\/en\/tooted\/nahast-prillitoos-roos-roosa\/\" \/>\n<meta property=\"og:site_name\" content=\"Kaye Leather Goods\" \/>\n<meta property=\"article:modified_time\" content=\"2022-08-31T06:23:30+00:00\" \/>\n<meta property=\"og:image\" content=\"https:\/\/www.nahastkasitoo.ee\/wp-content\/uploads\/2021\/12\/Nahast-prillitoos_Roos_1-scaled-e1640695834698.jpg\" \/>\n\t<meta property=\"og:image:width\" content=\"600\" \/>\n\t<meta property=\"og:image:height\" content=\"600\" \/>\n\t<meta property=\"og:image:type\" content=\"image\/jpeg\" \/>\n<meta name=\"twitter:card\" content=\"summary_large_image\" \/>\n<meta name=\"twitter:label1\" content=\"Est. reading time\" \/>\n\t<meta name=\"twitter:data1\" content=\"1 minute\" \/>\n<script type=\"application\/ld+json\" class=\"yoast-schema-graph\">{\"@context\":\"https:\\\/\\\/schema.org\",\"@graph\":[{\"@type\":\"WebPage\",\"@id\":\"https:\\\/\\\/www.nahastkasitoo.ee\\\/tooted\\\/nahast-prillitoos-roos-roosa\\\/\",\"url\":\"https:\\\/\\\/nahastkasitoo.ee\\\/tooted\\\/nahast-prillitoos-roos-roosa\\\/\",\"name\":\"Nahast prillitoos - Roos\\\/roosa\",\"isPartOf\":{\"@id\":\"https:\\\/\\\/nahastkasitoo.ee\\\/#website\"},\"primaryImageOfPage\":{\"@id\":\"https:\\\/\\\/nahastkasitoo.ee\\\/tooted\\\/nahast-prillitoos-roos-roosa\\\/#primaryimage\"},\"image\":{\"@id\":\"https:\\\/\\\/nahastkasitoo.ee\\\/tooted\\\/nahast-prillitoos-roos-roosa\\\/#primaryimage\"},\"thumbnailUrl\":\"https:\\\/\\\/i0.wp.com\\\/nahastkasitoo.ee\\\/wp-content\\\/uploads\\\/2021\\\/12\\\/Nahast-prillitoos_Roos_1-scaled-e1640695834698.jpg?fit=600%2C600&ssl=1\",\"datePublished\":\"2021-12-20T21:46:10+00:00\",\"dateModified\":\"2022-08-31T06:23:30+00:00\",\"description\":\"Nahast prillitoos - Roos\\\/roosa on valmistatud kvaliteetsest eestimaisest taimparknahast. Tutvu poes olevate valikutega ja leia oma lemmik.\",\"breadcrumb\":{\"@id\":\"https:\\\/\\\/nahastkasitoo.ee\\\/tooted\\\/nahast-prillitoos-roos-roosa\\\/#breadcrumb\"},\"inLanguage\":\"en-US\",\"potentialAction\":[{\"@type\":\"ReadAction\",\"target\":[\"https:\\\/\\\/nahastkasitoo.ee\\\/tooted\\\/nahast-prillitoos-roos-roosa\\\/\"]}]},{\"@type\":\"ImageObject\",\"inLanguage\":\"en-US\",\"@id\":\"https:\\\/\\\/nahastkasitoo.ee\\\/tooted\\\/nahast-prillitoos-roos-roosa\\\/#primaryimage\",\"url\":\"https:\\\/\\\/i0.wp.com\\\/nahastkasitoo.ee\\\/wp-content\\\/uploads\\\/2021\\\/12\\\/Nahast-prillitoos_Roos_1-scaled-e1640695834698.jpg?fit=600%2C600&ssl=1\",\"contentUrl\":\"https:\\\/\\\/i0.wp.com\\\/nahastkasitoo.ee\\\/wp-content\\\/uploads\\\/2021\\\/12\\\/Nahast-prillitoos_Roos_1-scaled-e1640695834698.jpg?fit=600%2C600&ssl=1\",\"width\":600,\"height\":600,\"caption\":\"nahast prillitoos\"},{\"@type\":\"BreadcrumbList\",\"@id\":\"https:\\\/\\\/nahastkasitoo.ee\\\/tooted\\\/nahast-prillitoos-roos-roosa\\\/#breadcrumb\",\"itemListElement\":[{\"@type\":\"ListItem\",\"position\":1,\"name\":\"Home\",\"item\":\"https:\\\/\\\/nahastkasitoo.ee\\\/\"},{\"@type\":\"ListItem\",\"position\":2,\"name\":\"Tooted\",\"item\":\"https:\\\/\\\/nahastkasitoo.ee\\\/en\\\/tooted-kaye-leather-goods\\\/\"},{\"@type\":\"ListItem\",\"position\":3,\"name\":\"Nahast prillitoos - Roos\\\/roosa\"}]},{\"@type\":\"WebSite\",\"@id\":\"https:\\\/\\\/nahastkasitoo.ee\\\/#website\",\"url\":\"https:\\\/\\\/nahastkasitoo.ee\\\/\",\"name\":\"Kaye Leather Goods\",\"description\":\"Eestimaine nahastk\u00e4sit\u00f6\u00f6\",\"publisher\":{\"@id\":\"https:\\\/\\\/nahastkasitoo.ee\\\/#organization\"},\"potentialAction\":[{\"@type\":\"SearchAction\",\"target\":{\"@type\":\"EntryPoint\",\"urlTemplate\":\"https:\\\/\\\/nahastkasitoo.ee\\\/?s={search_term_string}\"},\"query-input\":{\"@type\":\"PropertyValueSpecification\",\"valueRequired\":true,\"valueName\":\"search_term_string\"}}],\"inLanguage\":\"en-US\"},{\"@type\":\"Organization\",\"@id\":\"https:\\\/\\\/nahastkasitoo.ee\\\/#organization\",\"name\":\"Nahast k\u00e4sit\u00f6\u00f6\",\"url\":\"https:\\\/\\\/nahastkasitoo.ee\\\/\",\"logo\":{\"@type\":\"ImageObject\",\"inLanguage\":\"en-US\",\"@id\":\"https:\\\/\\\/nahastkasitoo.ee\\\/#\\\/schema\\\/logo\\\/image\\\/\",\"url\":\"https:\\\/\\\/i0.wp.com\\\/nahastkasitoo.ee\\\/wp-content\\\/uploads\\\/2020\\\/06\\\/KayeLeatherGoods-poe-logo-labipaistev.png?fit=1500%2C1500&ssl=1\",\"contentUrl\":\"https:\\\/\\\/i0.wp.com\\\/nahastkasitoo.ee\\\/wp-content\\\/uploads\\\/2020\\\/06\\\/KayeLeatherGoods-poe-logo-labipaistev.png?fit=1500%2C1500&ssl=1\",\"width\":1500,\"height\":1500,\"caption\":\"Nahast k\u00e4sit\u00f6\u00f6\"},\"image\":{\"@id\":\"https:\\\/\\\/nahastkasitoo.ee\\\/#\\\/schema\\\/logo\\\/image\\\/\"}}]}<\/script>\n<!-- \/ Yoast SEO plugin. -->","yoast_head_json":{"title":"Nahast prillitoos - Roos\/roosa","description":"Nahast prillitoos - Roos\/roosa on valmistatud kvaliteetsest eestimaisest taimparknahast. Tutvu poes olevate valikutega ja leia oma lemmik.","robots":{"index":"index","follow":"follow","max-snippet":"max-snippet:-1","max-image-preview":"max-image-preview:large","max-video-preview":"max-video-preview:-1"},"canonical":"https:\/\/nahastkasitoo.ee\/en\/tooted\/nahast-prillitoos-roos-roosa\/","og_locale":"en_US","og_type":"article","og_title":"[:et]Nahast prillitoos - Roos\/roosa[:] - Kaye Leather Goods","og_description":"Nahast prillitoos - Roos\/roosa on valmistatud kvaliteetsest eestimaisest taimparknahast. Tutvu poes olevate valikutega ja leia oma lemmik.","og_url":"https:\/\/nahastkasitoo.ee\/en\/tooted\/nahast-prillitoos-roos-roosa\/","og_site_name":"Kaye Leather Goods","article_modified_time":"2022-08-31T06:23:30+00:00","og_image":[{"width":600,"height":600,"url":"https:\/\/www.nahastkasitoo.ee\/wp-content\/uploads\/2021\/12\/Nahast-prillitoos_Roos_1-scaled-e1640695834698.jpg","type":"image\/jpeg"}],"twitter_card":"summary_large_image","twitter_misc":{"Est. reading time":"1 minute"},"schema":{"@context":"https:\/\/schema.org","@graph":[{"@type":"WebPage","@id":"https:\/\/www.nahastkasitoo.ee\/tooted\/nahast-prillitoos-roos-roosa\/","url":"https:\/\/nahastkasitoo.ee\/tooted\/nahast-prillitoos-roos-roosa\/","name":"Nahast prillitoos - Roos\/roosa","isPartOf":{"@id":"https:\/\/nahastkasitoo.ee\/#website"},"primaryImageOfPage":{"@id":"https:\/\/nahastkasitoo.ee\/tooted\/nahast-prillitoos-roos-roosa\/#primaryimage"},"image":{"@id":"https:\/\/nahastkasitoo.ee\/tooted\/nahast-prillitoos-roos-roosa\/#primaryimage"},"thumbnailUrl":"https:\/\/i0.wp.com\/nahastkasitoo.ee\/wp-content\/uploads\/2021\/12\/Nahast-prillitoos_Roos_1-scaled-e1640695834698.jpg?fit=600%2C600&ssl=1","datePublished":"2021-12-20T21:46:10+00:00","dateModified":"2022-08-31T06:23:30+00:00","description":"Nahast prillitoos - Roos\/roosa on valmistatud kvaliteetsest eestimaisest taimparknahast. Tutvu poes olevate valikutega ja leia oma lemmik.","breadcrumb":{"@id":"https:\/\/nahastkasitoo.ee\/tooted\/nahast-prillitoos-roos-roosa\/#breadcrumb"},"inLanguage":"en-US","potentialAction":[{"@type":"ReadAction","target":["https:\/\/nahastkasitoo.ee\/tooted\/nahast-prillitoos-roos-roosa\/"]}]},{"@type":"ImageObject","inLanguage":"en-US","@id":"https:\/\/nahastkasitoo.ee\/tooted\/nahast-prillitoos-roos-roosa\/#primaryimage","url":"https:\/\/i0.wp.com\/nahastkasitoo.ee\/wp-content\/uploads\/2021\/12\/Nahast-prillitoos_Roos_1-scaled-e1640695834698.jpg?fit=600%2C600&ssl=1","contentUrl":"https:\/\/i0.wp.com\/nahastkasitoo.ee\/wp-content\/uploads\/2021\/12\/Nahast-prillitoos_Roos_1-scaled-e1640695834698.jpg?fit=600%2C600&ssl=1","width":600,"height":600,"caption":"nahast prillitoos"},{"@type":"BreadcrumbList","@id":"https:\/\/nahastkasitoo.ee\/tooted\/nahast-prillitoos-roos-roosa\/#breadcrumb","itemListElement":[{"@type":"ListItem","position":1,"name":"Home","item":"https:\/\/nahastkasitoo.ee\/"},{"@type":"ListItem","position":2,"name":"Tooted","item":"https:\/\/nahastkasitoo.ee\/en\/tooted-kaye-leather-goods\/"},{"@type":"ListItem","position":3,"name":"Nahast prillitoos - Roos\/roosa"}]},{"@type":"WebSite","@id":"https:\/\/nahastkasitoo.ee\/#website","url":"https:\/\/nahastkasitoo.ee\/","name":"Kaye Leather Goods","description":"Eestimaine nahastk\u00e4sit\u00f6\u00f6","publisher":{"@id":"https:\/\/nahastkasitoo.ee\/#organization"},"potentialAction":[{"@type":"SearchAction","target":{"@type":"EntryPoint","urlTemplate":"https:\/\/nahastkasitoo.ee\/?s={search_term_string}"},"query-input":{"@type":"PropertyValueSpecification","valueRequired":true,"valueName":"search_term_string"}}],"inLanguage":"en-US"},{"@type":"Organization","@id":"https:\/\/nahastkasitoo.ee\/#organization","name":"Nahast k\u00e4sit\u00f6\u00f6","url":"https:\/\/nahastkasitoo.ee\/","logo":{"@type":"ImageObject","inLanguage":"en-US","@id":"https:\/\/nahastkasitoo.ee\/#\/schema\/logo\/image\/","url":"https:\/\/i0.wp.com\/nahastkasitoo.ee\/wp-content\/uploads\/2020\/06\/KayeLeatherGoods-poe-logo-labipaistev.png?fit=1500%2C1500&ssl=1","contentUrl":"https:\/\/i0.wp.com\/nahastkasitoo.ee\/wp-content\/uploads\/2020\/06\/KayeLeatherGoods-poe-logo-labipaistev.png?fit=1500%2C1500&ssl=1","width":1500,"height":1500,"caption":"Nahast k\u00e4sit\u00f6\u00f6"},"image":{"@id":"https:\/\/nahastkasitoo.ee\/#\/schema\/logo\/image\/"}}]}},"jetpack_sharing_enabled":true,"_links":{"self":[{"href":"https:\/\/nahastkasitoo.ee\/en\/wp-json\/wp\/v2\/product\/14133","targetHints":{"allow":["GET"]}}],"collection":[{"href":"https:\/\/nahastkasitoo.ee\/en\/wp-json\/wp\/v2\/product"}],"about":[{"href":"https:\/\/nahastkasitoo.ee\/en\/wp-json\/wp\/v2\/types\/product"}],"replies":[{"embeddable":true,"href":"https:\/\/nahastkasitoo.ee\/en\/wp-json\/wp\/v2\/comments?post=14133"}],"wp:featuredmedia":[{"embeddable":true,"href":"https:\/\/nahastkasitoo.ee\/en\/wp-json\/wp\/v2\/media\/14179"}],"wp:attachment":[{"href":"https:\/\/nahastkasitoo.ee\/en\/wp-json\/wp\/v2\/media?parent=14133"}],"wp:term":[{"taxonomy":"product_brand","embeddable":true,"href":"https:\/\/nahastkasitoo.ee\/en\/wp-json\/wp\/v2\/product_brand?post=14133"},{"taxonomy":"product_cat","embeddable":true,"href":"https:\/\/nahastkasitoo.ee\/en\/wp-json\/wp\/v2\/product_cat?post=14133"},{"taxonomy":"product_tag","embeddable":true,"href":"https:\/\/nahastkasitoo.ee\/en\/wp-json\/wp\/v2\/product_tag?post=14133"}],"curies":[{"name":"wp","href":"https:\/\/api.w.org\/{rel}","templated":true}]}}