{"id":14187,"date":"2021-12-28T21:32:10","date_gmt":"2021-12-28T21:32:10","guid":{"rendered":"https:\/\/nahastkasitoo.ee\/?post_type=product&#038;p=14187"},"modified":"2022-10-05T16:22:43","modified_gmt":"2022-10-05T16:22:43","slug":"nahast-prillitoos-ilmapuu-roheline","status":"publish","type":"product","link":"https:\/\/nahastkasitoo.ee\/en\/tooted\/nahast-prillitoos-ilmapuu-roheline\/","title":{"rendered":"Nahast prillitoos &#8211; Ilmapuu\/roheline"},"content":{"rendered":"<p>Nahast prillitoos &#8211; Ilmapuu\/roheline<\/p>\n<p class=\"v2MsoNormal\">Nahast prillitoos\u00a0 on valmistatud kvaliteetsest eestimaisest taimparknahast,<br \/>\nmis on v\u00e4rvitud k\u00e4sitsi veep\u00f5histe v\u00e4rvidega ning kaitstud spetsiaalse<br \/>\nmesilasvahast lakiga.<\/p>\n<p class=\"v2MsoNormal\">Kuna tegemist on ehtsa nahaga, v\u00f5ib selle pinnal<br \/>\nesineda looduslikke t\u00e4kkeid v\u00f5i kriimustusi, mis ei m\u00f5juta toodete<br \/>\nhead kvaliteeti, pigem muudavad need ise\u00e4rasused tooted ainulaadseks<br \/>\nja kordumatuks.<\/p>\n<p>Prillitoos kinnitub magnetkinnisega.<\/p>\n<p><strong>PS.<\/strong>\u00a0Toote v\u00e4rv v\u00f5ib natuke erineda ekraanikuvade ise\u00e4rasuste t\u00f5ttu.<\/p>\n","protected":false},"excerpt":{"rendered":"<p>_ Kaitse oma prille vastupidavast taimparknahast valmistatud prillitaskuga.<br \/>\n_ V\u00f5id kindel olla, et see teenib Su prille aastaid.<br \/>\n_ Vanas stiilis parajalt suur prillitoos\/tasku mahutab ka suuremad prillid.<br \/>\n_ Hea kingiidee!<\/p>\n","protected":false},"featured_media":14177,"comment_status":"open","ping_status":"closed","template":"","meta":[],"product_brand":[],"product_cat":[37],"product_tag":[],"class_list":{"0":"post-14187","1":"product","2":"type-product","3":"status-publish","4":"has-post-thumbnail","6":"product_cat-prillitoosid","8":"first","9":"outofstock","10":"sold-individually","11":"taxable","12":"shipping-taxable","13":"purchasable","14":"product-type-simple"},"yoast_head":"<!-- This site is optimized with the Yoast SEO plugin v27.5 - https:\/\/yoast.com\/product\/yoast-seo-wordpress\/ -->\n<title>Nahast prillitoos - Ilmapuu\/roheline<\/title>\n<meta name=\"description\" content=\"Nahast prillitoos, Eesti toode, valmistatud kvaliteetsest taimparknahast. Hea kingiidee, mis kestab aastaid. Saadaval erinevad v\u00e4rvide ja piltidega.\" \/>\n<meta name=\"robots\" content=\"index, follow, max-snippet:-1, max-image-preview:large, max-video-preview:-1\" \/>\n<link rel=\"canonical\" href=\"https:\/\/nahastkasitoo.ee\/en\/tooted\/nahast-prillitoos-ilmapuu-roheline\/\" \/>\n<meta property=\"og:locale\" content=\"en_US\" \/>\n<meta property=\"og:locale:alternate\" content=\"et\" \/>\n<meta property=\"og:type\" content=\"article\" \/>\n<meta property=\"og:title\" content=\"Nahast prillitoos - Ilmapuu\/roheline\" \/>\n<meta property=\"og:description\" content=\"Nahast prillitoos, Eesti toode, valmistatud kvaliteetsest taimparknahast. Hea kingiidee, mis kestab aastaid. Saadaval erinevad v\u00e4rvide ja piltidega.\" \/>\n<meta property=\"og:url\" content=\"https:\/\/nahastkasitoo.ee\/en\/tooted\/nahast-prillitoos-ilmapuu-roheline\/\" \/>\n<meta property=\"og:site_name\" content=\"Kaye Leather Goods\" \/>\n<meta property=\"article:modified_time\" content=\"2022-10-05T16:22:43+00:00\" \/>\n<meta property=\"og:image\" content=\"https:\/\/www.nahastkasitoo.ee\/wp-content\/uploads\/2021\/12\/Nahast-prillitoos_Ilmapuu--scaled-e1640692807166.jpg\" \/>\n\t<meta property=\"og:image:width\" content=\"600\" \/>\n\t<meta property=\"og:image:height\" content=\"600\" \/>\n\t<meta property=\"og:image:type\" content=\"image\/jpeg\" \/>\n<meta name=\"twitter:card\" content=\"summary_large_image\" \/>\n<meta name=\"twitter:label1\" content=\"Est. reading time\" \/>\n\t<meta name=\"twitter:data1\" content=\"1 minute\" \/>\n<script type=\"application\/ld+json\" class=\"yoast-schema-graph\">{\"@context\":\"https:\\\/\\\/schema.org\",\"@graph\":[{\"@type\":\"WebPage\",\"@id\":\"https:\\\/\\\/www.nahastkasitoo.ee\\\/tooted\\\/nahast-prillitoos-ilmapuu-roheline\\\/\",\"url\":\"https:\\\/\\\/nahastkasitoo.ee\\\/tooted\\\/nahast-prillitoos-ilmapuu-roheline\\\/\",\"name\":\"Nahast prillitoos - Ilmapuu\\\/roheline\",\"isPartOf\":{\"@id\":\"https:\\\/\\\/nahastkasitoo.ee\\\/#website\"},\"primaryImageOfPage\":{\"@id\":\"https:\\\/\\\/nahastkasitoo.ee\\\/tooted\\\/nahast-prillitoos-ilmapuu-roheline\\\/#primaryimage\"},\"image\":{\"@id\":\"https:\\\/\\\/nahastkasitoo.ee\\\/tooted\\\/nahast-prillitoos-ilmapuu-roheline\\\/#primaryimage\"},\"thumbnailUrl\":\"https:\\\/\\\/i0.wp.com\\\/nahastkasitoo.ee\\\/wp-content\\\/uploads\\\/2021\\\/12\\\/Nahast-prillitoos_Ilmapuu--scaled-e1640692807166.jpg?fit=600%2C600&ssl=1\",\"datePublished\":\"2021-12-28T21:32:10+00:00\",\"dateModified\":\"2022-10-05T16:22:43+00:00\",\"description\":\"Nahast prillitoos, Eesti toode, valmistatud kvaliteetsest taimparknahast. Hea kingiidee, mis kestab aastaid. Saadaval erinevad v\u00e4rvide ja piltidega.\",\"breadcrumb\":{\"@id\":\"https:\\\/\\\/nahastkasitoo.ee\\\/tooted\\\/nahast-prillitoos-ilmapuu-roheline\\\/#breadcrumb\"},\"inLanguage\":\"en-US\",\"potentialAction\":[{\"@type\":\"ReadAction\",\"target\":[\"https:\\\/\\\/nahastkasitoo.ee\\\/tooted\\\/nahast-prillitoos-ilmapuu-roheline\\\/\"]}]},{\"@type\":\"ImageObject\",\"inLanguage\":\"en-US\",\"@id\":\"https:\\\/\\\/nahastkasitoo.ee\\\/tooted\\\/nahast-prillitoos-ilmapuu-roheline\\\/#primaryimage\",\"url\":\"https:\\\/\\\/i0.wp.com\\\/nahastkasitoo.ee\\\/wp-content\\\/uploads\\\/2021\\\/12\\\/Nahast-prillitoos_Ilmapuu--scaled-e1640692807166.jpg?fit=600%2C600&ssl=1\",\"contentUrl\":\"https:\\\/\\\/i0.wp.com\\\/nahastkasitoo.ee\\\/wp-content\\\/uploads\\\/2021\\\/12\\\/Nahast-prillitoos_Ilmapuu--scaled-e1640692807166.jpg?fit=600%2C600&ssl=1\",\"width\":600,\"height\":600,\"caption\":\"nahastkasitoo.ee nahast prillitoos-Ilmapuu\\\/roheline\"},{\"@type\":\"BreadcrumbList\",\"@id\":\"https:\\\/\\\/nahastkasitoo.ee\\\/tooted\\\/nahast-prillitoos-ilmapuu-roheline\\\/#breadcrumb\",\"itemListElement\":[{\"@type\":\"ListItem\",\"position\":1,\"name\":\"Home\",\"item\":\"https:\\\/\\\/nahastkasitoo.ee\\\/\"},{\"@type\":\"ListItem\",\"position\":2,\"name\":\"Tooted\",\"item\":\"https:\\\/\\\/nahastkasitoo.ee\\\/en\\\/tooted-kaye-leather-goods\\\/\"},{\"@type\":\"ListItem\",\"position\":3,\"name\":\"Nahast prillitoos - Ilmapuu\\\/roheline\"}]},{\"@type\":\"WebSite\",\"@id\":\"https:\\\/\\\/nahastkasitoo.ee\\\/#website\",\"url\":\"https:\\\/\\\/nahastkasitoo.ee\\\/\",\"name\":\"Kaye Leather Goods\",\"description\":\"Eestimaine nahastk\u00e4sit\u00f6\u00f6\",\"publisher\":{\"@id\":\"https:\\\/\\\/nahastkasitoo.ee\\\/#organization\"},\"potentialAction\":[{\"@type\":\"SearchAction\",\"target\":{\"@type\":\"EntryPoint\",\"urlTemplate\":\"https:\\\/\\\/nahastkasitoo.ee\\\/?s={search_term_string}\"},\"query-input\":{\"@type\":\"PropertyValueSpecification\",\"valueRequired\":true,\"valueName\":\"search_term_string\"}}],\"inLanguage\":\"en-US\"},{\"@type\":\"Organization\",\"@id\":\"https:\\\/\\\/nahastkasitoo.ee\\\/#organization\",\"name\":\"Nahast k\u00e4sit\u00f6\u00f6\",\"url\":\"https:\\\/\\\/nahastkasitoo.ee\\\/\",\"logo\":{\"@type\":\"ImageObject\",\"inLanguage\":\"en-US\",\"@id\":\"https:\\\/\\\/nahastkasitoo.ee\\\/#\\\/schema\\\/logo\\\/image\\\/\",\"url\":\"https:\\\/\\\/i0.wp.com\\\/nahastkasitoo.ee\\\/wp-content\\\/uploads\\\/2020\\\/06\\\/KayeLeatherGoods-poe-logo-labipaistev.png?fit=1500%2C1500&ssl=1\",\"contentUrl\":\"https:\\\/\\\/i0.wp.com\\\/nahastkasitoo.ee\\\/wp-content\\\/uploads\\\/2020\\\/06\\\/KayeLeatherGoods-poe-logo-labipaistev.png?fit=1500%2C1500&ssl=1\",\"width\":1500,\"height\":1500,\"caption\":\"Nahast k\u00e4sit\u00f6\u00f6\"},\"image\":{\"@id\":\"https:\\\/\\\/nahastkasitoo.ee\\\/#\\\/schema\\\/logo\\\/image\\\/\"}}]}<\/script>\n<!-- \/ Yoast SEO plugin. -->","yoast_head_json":{"title":"Nahast prillitoos - Ilmapuu\/roheline","description":"Nahast prillitoos, Eesti toode, valmistatud kvaliteetsest taimparknahast. Hea kingiidee, mis kestab aastaid. Saadaval erinevad v\u00e4rvide ja piltidega.","robots":{"index":"index","follow":"follow","max-snippet":"max-snippet:-1","max-image-preview":"max-image-preview:large","max-video-preview":"max-video-preview:-1"},"canonical":"https:\/\/nahastkasitoo.ee\/en\/tooted\/nahast-prillitoos-ilmapuu-roheline\/","og_locale":"en_US","og_type":"article","og_title":"[:et]Nahast prillitoos - Ilmapuu\/roheline[:] - Kaye Leather Goods","og_description":"Nahast prillitoos, Eesti toode, valmistatud kvaliteetsest taimparknahast. Hea kingiidee, mis kestab aastaid. Saadaval erinevad v\u00e4rvide ja piltidega.","og_url":"https:\/\/nahastkasitoo.ee\/en\/tooted\/nahast-prillitoos-ilmapuu-roheline\/","og_site_name":"Kaye Leather Goods","article_modified_time":"2022-10-05T16:22:43+00:00","og_image":[{"width":600,"height":600,"url":"https:\/\/www.nahastkasitoo.ee\/wp-content\/uploads\/2021\/12\/Nahast-prillitoos_Ilmapuu--scaled-e1640692807166.jpg","type":"image\/jpeg"}],"twitter_card":"summary_large_image","twitter_misc":{"Est. reading time":"1 minute"},"schema":{"@context":"https:\/\/schema.org","@graph":[{"@type":"WebPage","@id":"https:\/\/www.nahastkasitoo.ee\/tooted\/nahast-prillitoos-ilmapuu-roheline\/","url":"https:\/\/nahastkasitoo.ee\/tooted\/nahast-prillitoos-ilmapuu-roheline\/","name":"Nahast prillitoos - Ilmapuu\/roheline","isPartOf":{"@id":"https:\/\/nahastkasitoo.ee\/#website"},"primaryImageOfPage":{"@id":"https:\/\/nahastkasitoo.ee\/tooted\/nahast-prillitoos-ilmapuu-roheline\/#primaryimage"},"image":{"@id":"https:\/\/nahastkasitoo.ee\/tooted\/nahast-prillitoos-ilmapuu-roheline\/#primaryimage"},"thumbnailUrl":"https:\/\/i0.wp.com\/nahastkasitoo.ee\/wp-content\/uploads\/2021\/12\/Nahast-prillitoos_Ilmapuu--scaled-e1640692807166.jpg?fit=600%2C600&ssl=1","datePublished":"2021-12-28T21:32:10+00:00","dateModified":"2022-10-05T16:22:43+00:00","description":"Nahast prillitoos, Eesti toode, valmistatud kvaliteetsest taimparknahast. Hea kingiidee, mis kestab aastaid. Saadaval erinevad v\u00e4rvide ja piltidega.","breadcrumb":{"@id":"https:\/\/nahastkasitoo.ee\/tooted\/nahast-prillitoos-ilmapuu-roheline\/#breadcrumb"},"inLanguage":"en-US","potentialAction":[{"@type":"ReadAction","target":["https:\/\/nahastkasitoo.ee\/tooted\/nahast-prillitoos-ilmapuu-roheline\/"]}]},{"@type":"ImageObject","inLanguage":"en-US","@id":"https:\/\/nahastkasitoo.ee\/tooted\/nahast-prillitoos-ilmapuu-roheline\/#primaryimage","url":"https:\/\/i0.wp.com\/nahastkasitoo.ee\/wp-content\/uploads\/2021\/12\/Nahast-prillitoos_Ilmapuu--scaled-e1640692807166.jpg?fit=600%2C600&ssl=1","contentUrl":"https:\/\/i0.wp.com\/nahastkasitoo.ee\/wp-content\/uploads\/2021\/12\/Nahast-prillitoos_Ilmapuu--scaled-e1640692807166.jpg?fit=600%2C600&ssl=1","width":600,"height":600,"caption":"nahastkasitoo.ee nahast prillitoos-Ilmapuu\/roheline"},{"@type":"BreadcrumbList","@id":"https:\/\/nahastkasitoo.ee\/tooted\/nahast-prillitoos-ilmapuu-roheline\/#breadcrumb","itemListElement":[{"@type":"ListItem","position":1,"name":"Home","item":"https:\/\/nahastkasitoo.ee\/"},{"@type":"ListItem","position":2,"name":"Tooted","item":"https:\/\/nahastkasitoo.ee\/en\/tooted-kaye-leather-goods\/"},{"@type":"ListItem","position":3,"name":"Nahast prillitoos - Ilmapuu\/roheline"}]},{"@type":"WebSite","@id":"https:\/\/nahastkasitoo.ee\/#website","url":"https:\/\/nahastkasitoo.ee\/","name":"Kaye Leather Goods","description":"Eestimaine nahastk\u00e4sit\u00f6\u00f6","publisher":{"@id":"https:\/\/nahastkasitoo.ee\/#organization"},"potentialAction":[{"@type":"SearchAction","target":{"@type":"EntryPoint","urlTemplate":"https:\/\/nahastkasitoo.ee\/?s={search_term_string}"},"query-input":{"@type":"PropertyValueSpecification","valueRequired":true,"valueName":"search_term_string"}}],"inLanguage":"en-US"},{"@type":"Organization","@id":"https:\/\/nahastkasitoo.ee\/#organization","name":"Nahast k\u00e4sit\u00f6\u00f6","url":"https:\/\/nahastkasitoo.ee\/","logo":{"@type":"ImageObject","inLanguage":"en-US","@id":"https:\/\/nahastkasitoo.ee\/#\/schema\/logo\/image\/","url":"https:\/\/i0.wp.com\/nahastkasitoo.ee\/wp-content\/uploads\/2020\/06\/KayeLeatherGoods-poe-logo-labipaistev.png?fit=1500%2C1500&ssl=1","contentUrl":"https:\/\/i0.wp.com\/nahastkasitoo.ee\/wp-content\/uploads\/2020\/06\/KayeLeatherGoods-poe-logo-labipaistev.png?fit=1500%2C1500&ssl=1","width":1500,"height":1500,"caption":"Nahast k\u00e4sit\u00f6\u00f6"},"image":{"@id":"https:\/\/nahastkasitoo.ee\/#\/schema\/logo\/image\/"}}]}},"jetpack_sharing_enabled":true,"_links":{"self":[{"href":"https:\/\/nahastkasitoo.ee\/en\/wp-json\/wp\/v2\/product\/14187","targetHints":{"allow":["GET"]}}],"collection":[{"href":"https:\/\/nahastkasitoo.ee\/en\/wp-json\/wp\/v2\/product"}],"about":[{"href":"https:\/\/nahastkasitoo.ee\/en\/wp-json\/wp\/v2\/types\/product"}],"replies":[{"embeddable":true,"href":"https:\/\/nahastkasitoo.ee\/en\/wp-json\/wp\/v2\/comments?post=14187"}],"wp:featuredmedia":[{"embeddable":true,"href":"https:\/\/nahastkasitoo.ee\/en\/wp-json\/wp\/v2\/media\/14177"}],"wp:attachment":[{"href":"https:\/\/nahastkasitoo.ee\/en\/wp-json\/wp\/v2\/media?parent=14187"}],"wp:term":[{"taxonomy":"product_brand","embeddable":true,"href":"https:\/\/nahastkasitoo.ee\/en\/wp-json\/wp\/v2\/product_brand?post=14187"},{"taxonomy":"product_cat","embeddable":true,"href":"https:\/\/nahastkasitoo.ee\/en\/wp-json\/wp\/v2\/product_cat?post=14187"},{"taxonomy":"product_tag","embeddable":true,"href":"https:\/\/nahastkasitoo.ee\/en\/wp-json\/wp\/v2\/product_tag?post=14187"}],"curies":[{"name":"wp","href":"https:\/\/api.w.org\/{rel}","templated":true}]}}