{"id":14224,"date":"2022-01-07T14:01:10","date_gmt":"2022-01-07T14:01:10","guid":{"rendered":"https:\/\/nahastkasitoo.ee\/?post_type=product&#038;p=14224"},"modified":"2026-04-25T07:06:03","modified_gmt":"2026-04-25T07:06:03","slug":"kollane-nahast-markmik","status":"publish","type":"product","link":"https:\/\/nahastkasitoo.ee\/en\/tooted\/kollane-nahast-markmik\/","title":{"rendered":"Kollane nahast m\u00e4rkmik"},"content":{"rendered":"<div class=\"tab-content mb-5\">\n<div id=\"pills-description\" class=\"tab-pane w-100 fade show active \" role=\"tabpanel\" aria-labelledby=\"pills-title-description\">\n<div>\n<p>Kollane nahast m\u00e4rkmik<\/p>\n<p class=\"v2MsoNormal\">Kaaned on valmistatud taimparknahast, mis on v\u00e4rvitud k\u00e4sitsi<br \/>\nveep\u00f5histe v\u00e4rvidega ning kaitstud spetsiaalse mesilasvahast lakiga.<\/p>\n<p class=\"v2MsoNormal\">Kuna tegemist on ehtsa nahaga, v\u00f5ib selle pinnal<br \/>\nesineda looduslikke t\u00e4kkeid v\u00f5i kriimustusi, mis ei m\u00f5juta toodete<br \/>\nhead kvaliteeti, pigem muudavad need ise\u00e4rasused tooted ainulaadseks<br \/>\nja kordumatuks.<\/p>\n<\/div>\n<div><\/div>\n<div>\n<p class=\"v2MsoNormal\">Nahast m\u00e4rkmikud on k\u00f6idetud nahast n\u00f6\u00f6ridega, mis on v\u00e4rvitud, lakitud ja l\u00f5igatud k\u00e4sitsi.<\/p>\n<p class=\"v2MsoNormal\">M\u00e4rkmeraamat sisaldab nelja paberiplokki, millest esimene ja viimane plokk on<br \/>\nkaetud dekoratiivpaberiga, mis on Nepaali p\u00e4ritolu ja samuti k\u00e4sit\u00f6\u00f6.<\/p>\n<p class=\"v2MsoNormal\">Kokku on kaante vahel 112 lehte ehk 224 lehek\u00fclge, mis on k\u00e4sitsi m\u00f5\u00f5tu rebitud.<br \/>\nPaber, mis valmistatud ka k\u00e4sit\u00f6\u00f6na, sobib erinevatele kirjutusvahenditele lisaks veel<br \/>\npliiatsi, s\u00f6e, pastelli ja kriidiga joonistamiseks ning vastab pikaajaliseks s\u00e4ilitamiseks<br \/>\nesitatavatele n\u00f5uetele.<\/p>\n<p class=\"v2MsoNormal\"><b>PS.<\/b>\u00a0Toodete v\u00e4rv v\u00f5ib natuke erineda ekraanikuvade ise\u00e4rasuste t\u00f5ttu.<\/p>\n<\/div>\n<\/div>\n<\/div>\n<div class=\"clearfix\"><\/div>\n<section class=\"related products pix-mb-80\">\n<div class=\"d-flex justify-content-center align-items-center pix-my-30\">\n<div class=\"pix-py-20 pix-pr-10 my-0 flex-fill line-height-0 d-flex align-items-center\">\n<div class=\"pix-line-divider thin bg-dark-opacity-1 d-inline-block w-100\"><\/div>\n<\/div>\n<\/div>\n<\/section>\n","protected":false},"excerpt":{"rendered":"<p>Taimparknahast m\u00e4rkmik\/p\u00e4evik on t\u00e4helepanuv\u00e4\u00e4rne ja ajatu kingitus.<br \/>\nSisu rikastamiseks sobivad m\u00e4rkmeraamatu m\u00f5\u00f5dud h\u00e4sti ka fotodele kuni 10x15cm.<\/p>\n","protected":false},"featured_media":14216,"comment_status":"open","ping_status":"closed","template":"","meta":[],"product_brand":[],"product_cat":[29],"product_tag":[],"class_list":{"0":"post-14224","1":"product","2":"type-product","3":"status-publish","4":"has-post-thumbnail","6":"product_cat-markmeraamatud","8":"first","9":"outofstock","10":"sold-individually","11":"taxable","12":"shipping-taxable","13":"purchasable","14":"product-type-simple"},"yoast_head":"<!-- This site is optimized with the Yoast SEO plugin v27.5 - https:\/\/yoast.com\/product\/yoast-seo-wordpress\/ -->\n<title>Kollane nahast m\u00e4rkmik<\/title>\n<meta name=\"description\" content=\"Kollane nahast m\u00e4rkmik. Eesti k\u00e4sit\u00f6\u00f6 taimparknahast. Valikus erinevad v\u00e4rvid, v\u00f5imalus tellida oma lemmikv\u00e4rviga, teenusena saadaval erilahendused.\" \/>\n<meta name=\"robots\" content=\"index, follow, max-snippet:-1, max-image-preview:large, max-video-preview:-1\" \/>\n<link rel=\"canonical\" href=\"https:\/\/nahastkasitoo.ee\/en\/tooted\/kollane-nahast-markmik\/\" \/>\n<meta property=\"og:locale\" content=\"en_US\" \/>\n<meta property=\"og:locale:alternate\" content=\"et\" \/>\n<meta property=\"og:type\" content=\"article\" \/>\n<meta property=\"og:title\" content=\"Kollane nahast m\u00e4rkmik\" \/>\n<meta property=\"og:description\" content=\"Kollane nahast m\u00e4rkmik. Eesti k\u00e4sit\u00f6\u00f6 taimparknahast. Valikus erinevad v\u00e4rvid, v\u00f5imalus tellida oma lemmikv\u00e4rviga, teenusena saadaval erilahendused.\" \/>\n<meta property=\"og:url\" content=\"https:\/\/nahastkasitoo.ee\/en\/tooted\/kollane-nahast-markmik\/\" \/>\n<meta property=\"og:site_name\" content=\"Kaye Leather Goods\" \/>\n<meta property=\"article:modified_time\" content=\"2026-04-25T07:06:03+00:00\" \/>\n<meta property=\"og:image\" content=\"https:\/\/i0.wp.com\/nahastkasitoo.ee\/wp-content\/uploads\/2022\/01\/kollane-nahast-markmik_9-scaled-e1641562012753.jpg?fit=650%2C650&ssl=1\" \/>\n\t<meta property=\"og:image:width\" content=\"650\" \/>\n\t<meta property=\"og:image:height\" content=\"650\" \/>\n\t<meta property=\"og:image:type\" content=\"image\/jpeg\" \/>\n<meta name=\"twitter:card\" content=\"summary_large_image\" \/>\n<meta name=\"twitter:label1\" content=\"Est. reading time\" \/>\n\t<meta name=\"twitter:data1\" content=\"1 minute\" \/>\n<script type=\"application\/ld+json\" class=\"yoast-schema-graph\">{\"@context\":\"https:\\\/\\\/schema.org\",\"@graph\":[{\"@type\":\"WebPage\",\"@id\":\"https:\\\/\\\/nahastkasitoo.ee\\\/en\\\/tooted\\\/kollane-nahast-markmik\\\/\",\"url\":\"https:\\\/\\\/nahastkasitoo.ee\\\/tooted\\\/kollane-nahast-markmik\\\/\",\"name\":\"Kollane nahast m\u00e4rkmik\",\"isPartOf\":{\"@id\":\"https:\\\/\\\/nahastkasitoo.ee\\\/#website\"},\"primaryImageOfPage\":{\"@id\":\"https:\\\/\\\/nahastkasitoo.ee\\\/tooted\\\/kollane-nahast-markmik\\\/#primaryimage\"},\"image\":{\"@id\":\"https:\\\/\\\/nahastkasitoo.ee\\\/tooted\\\/kollane-nahast-markmik\\\/#primaryimage\"},\"thumbnailUrl\":\"https:\\\/\\\/i0.wp.com\\\/nahastkasitoo.ee\\\/wp-content\\\/uploads\\\/2022\\\/01\\\/kollane-nahast-markmik_9-scaled-e1641562012753.jpg?fit=650%2C650&ssl=1\",\"datePublished\":\"2022-01-07T14:01:10+00:00\",\"dateModified\":\"2026-04-25T07:06:03+00:00\",\"description\":\"Kollane nahast m\u00e4rkmik. Eesti k\u00e4sit\u00f6\u00f6 taimparknahast. Valikus erinevad v\u00e4rvid, v\u00f5imalus tellida oma lemmikv\u00e4rviga, teenusena saadaval erilahendused.\",\"breadcrumb\":{\"@id\":\"https:\\\/\\\/nahastkasitoo.ee\\\/tooted\\\/kollane-nahast-markmik\\\/#breadcrumb\"},\"inLanguage\":\"en-US\",\"potentialAction\":[{\"@type\":\"ReadAction\",\"target\":[\"https:\\\/\\\/nahastkasitoo.ee\\\/tooted\\\/kollane-nahast-markmik\\\/\"]}]},{\"@type\":\"ImageObject\",\"inLanguage\":\"en-US\",\"@id\":\"https:\\\/\\\/nahastkasitoo.ee\\\/tooted\\\/kollane-nahast-markmik\\\/#primaryimage\",\"url\":\"https:\\\/\\\/i0.wp.com\\\/nahastkasitoo.ee\\\/wp-content\\\/uploads\\\/2022\\\/01\\\/kollane-nahast-markmik_9-scaled-e1641562012753.jpg?fit=650%2C650&ssl=1\",\"contentUrl\":\"https:\\\/\\\/i0.wp.com\\\/nahastkasitoo.ee\\\/wp-content\\\/uploads\\\/2022\\\/01\\\/kollane-nahast-markmik_9-scaled-e1641562012753.jpg?fit=650%2C650&ssl=1\",\"width\":650,\"height\":650,\"caption\":\"nahastkasitoo.ee kollane nahast m\u00e4rkmik\"},{\"@type\":\"BreadcrumbList\",\"@id\":\"https:\\\/\\\/nahastkasitoo.ee\\\/tooted\\\/kollane-nahast-markmik\\\/#breadcrumb\",\"itemListElement\":[{\"@type\":\"ListItem\",\"position\":1,\"name\":\"Home\",\"item\":\"https:\\\/\\\/nahastkasitoo.ee\\\/\"},{\"@type\":\"ListItem\",\"position\":2,\"name\":\"Tooted\",\"item\":\"https:\\\/\\\/nahastkasitoo.ee\\\/en\\\/tooted-kaye-leather-goods\\\/\"},{\"@type\":\"ListItem\",\"position\":3,\"name\":\"Kollane nahast m\u00e4rkmik\"}]},{\"@type\":\"WebSite\",\"@id\":\"https:\\\/\\\/nahastkasitoo.ee\\\/#website\",\"url\":\"https:\\\/\\\/nahastkasitoo.ee\\\/\",\"name\":\"Kaye Leather Goods\",\"description\":\"Eestimaine nahastk\u00e4sit\u00f6\u00f6\",\"publisher\":{\"@id\":\"https:\\\/\\\/nahastkasitoo.ee\\\/#organization\"},\"potentialAction\":[{\"@type\":\"SearchAction\",\"target\":{\"@type\":\"EntryPoint\",\"urlTemplate\":\"https:\\\/\\\/nahastkasitoo.ee\\\/?s={search_term_string}\"},\"query-input\":{\"@type\":\"PropertyValueSpecification\",\"valueRequired\":true,\"valueName\":\"search_term_string\"}}],\"inLanguage\":\"en-US\"},{\"@type\":\"Organization\",\"@id\":\"https:\\\/\\\/nahastkasitoo.ee\\\/#organization\",\"name\":\"Nahast k\u00e4sit\u00f6\u00f6\",\"url\":\"https:\\\/\\\/nahastkasitoo.ee\\\/\",\"logo\":{\"@type\":\"ImageObject\",\"inLanguage\":\"en-US\",\"@id\":\"https:\\\/\\\/nahastkasitoo.ee\\\/#\\\/schema\\\/logo\\\/image\\\/\",\"url\":\"https:\\\/\\\/i0.wp.com\\\/nahastkasitoo.ee\\\/wp-content\\\/uploads\\\/2020\\\/06\\\/KayeLeatherGoods-poe-logo-labipaistev.png?fit=1500%2C1500&ssl=1\",\"contentUrl\":\"https:\\\/\\\/i0.wp.com\\\/nahastkasitoo.ee\\\/wp-content\\\/uploads\\\/2020\\\/06\\\/KayeLeatherGoods-poe-logo-labipaistev.png?fit=1500%2C1500&ssl=1\",\"width\":1500,\"height\":1500,\"caption\":\"Nahast k\u00e4sit\u00f6\u00f6\"},\"image\":{\"@id\":\"https:\\\/\\\/nahastkasitoo.ee\\\/#\\\/schema\\\/logo\\\/image\\\/\"}}]}<\/script>\n<!-- \/ Yoast SEO plugin. -->","yoast_head_json":{"title":"Kollane nahast m\u00e4rkmik","description":"Kollane nahast m\u00e4rkmik. Eesti k\u00e4sit\u00f6\u00f6 taimparknahast. Valikus erinevad v\u00e4rvid, v\u00f5imalus tellida oma lemmikv\u00e4rviga, teenusena saadaval erilahendused.","robots":{"index":"index","follow":"follow","max-snippet":"max-snippet:-1","max-image-preview":"max-image-preview:large","max-video-preview":"max-video-preview:-1"},"canonical":"https:\/\/nahastkasitoo.ee\/en\/tooted\/kollane-nahast-markmik\/","og_locale":"en_US","og_type":"article","og_title":"[:en]Kollane nahast m\u00e4rkmik[:et]Kollane nahast m\u00e4rkmik[:] - Kaye Leather Goods","og_description":"Kollane nahast m\u00e4rkmik. Eesti k\u00e4sit\u00f6\u00f6 taimparknahast. Valikus erinevad v\u00e4rvid, v\u00f5imalus tellida oma lemmikv\u00e4rviga, teenusena saadaval erilahendused.","og_url":"https:\/\/nahastkasitoo.ee\/en\/tooted\/kollane-nahast-markmik\/","og_site_name":"Kaye Leather Goods","article_modified_time":"2026-04-25T07:06:03+00:00","og_image":[{"width":650,"height":650,"url":"https:\/\/i0.wp.com\/nahastkasitoo.ee\/wp-content\/uploads\/2022\/01\/kollane-nahast-markmik_9-scaled-e1641562012753.jpg?fit=650%2C650&ssl=1","type":"image\/jpeg"}],"twitter_card":"summary_large_image","twitter_misc":{"Est. reading time":"1 minute"},"schema":{"@context":"https:\/\/schema.org","@graph":[{"@type":"WebPage","@id":"https:\/\/nahastkasitoo.ee\/en\/tooted\/kollane-nahast-markmik\/","url":"https:\/\/nahastkasitoo.ee\/tooted\/kollane-nahast-markmik\/","name":"Kollane nahast m\u00e4rkmik","isPartOf":{"@id":"https:\/\/nahastkasitoo.ee\/#website"},"primaryImageOfPage":{"@id":"https:\/\/nahastkasitoo.ee\/tooted\/kollane-nahast-markmik\/#primaryimage"},"image":{"@id":"https:\/\/nahastkasitoo.ee\/tooted\/kollane-nahast-markmik\/#primaryimage"},"thumbnailUrl":"https:\/\/i0.wp.com\/nahastkasitoo.ee\/wp-content\/uploads\/2022\/01\/kollane-nahast-markmik_9-scaled-e1641562012753.jpg?fit=650%2C650&ssl=1","datePublished":"2022-01-07T14:01:10+00:00","dateModified":"2026-04-25T07:06:03+00:00","description":"Kollane nahast m\u00e4rkmik. Eesti k\u00e4sit\u00f6\u00f6 taimparknahast. Valikus erinevad v\u00e4rvid, v\u00f5imalus tellida oma lemmikv\u00e4rviga, teenusena saadaval erilahendused.","breadcrumb":{"@id":"https:\/\/nahastkasitoo.ee\/tooted\/kollane-nahast-markmik\/#breadcrumb"},"inLanguage":"en-US","potentialAction":[{"@type":"ReadAction","target":["https:\/\/nahastkasitoo.ee\/tooted\/kollane-nahast-markmik\/"]}]},{"@type":"ImageObject","inLanguage":"en-US","@id":"https:\/\/nahastkasitoo.ee\/tooted\/kollane-nahast-markmik\/#primaryimage","url":"https:\/\/i0.wp.com\/nahastkasitoo.ee\/wp-content\/uploads\/2022\/01\/kollane-nahast-markmik_9-scaled-e1641562012753.jpg?fit=650%2C650&ssl=1","contentUrl":"https:\/\/i0.wp.com\/nahastkasitoo.ee\/wp-content\/uploads\/2022\/01\/kollane-nahast-markmik_9-scaled-e1641562012753.jpg?fit=650%2C650&ssl=1","width":650,"height":650,"caption":"nahastkasitoo.ee kollane nahast m\u00e4rkmik"},{"@type":"BreadcrumbList","@id":"https:\/\/nahastkasitoo.ee\/tooted\/kollane-nahast-markmik\/#breadcrumb","itemListElement":[{"@type":"ListItem","position":1,"name":"Home","item":"https:\/\/nahastkasitoo.ee\/"},{"@type":"ListItem","position":2,"name":"Tooted","item":"https:\/\/nahastkasitoo.ee\/en\/tooted-kaye-leather-goods\/"},{"@type":"ListItem","position":3,"name":"Kollane nahast m\u00e4rkmik"}]},{"@type":"WebSite","@id":"https:\/\/nahastkasitoo.ee\/#website","url":"https:\/\/nahastkasitoo.ee\/","name":"Kaye Leather Goods","description":"Eestimaine nahastk\u00e4sit\u00f6\u00f6","publisher":{"@id":"https:\/\/nahastkasitoo.ee\/#organization"},"potentialAction":[{"@type":"SearchAction","target":{"@type":"EntryPoint","urlTemplate":"https:\/\/nahastkasitoo.ee\/?s={search_term_string}"},"query-input":{"@type":"PropertyValueSpecification","valueRequired":true,"valueName":"search_term_string"}}],"inLanguage":"en-US"},{"@type":"Organization","@id":"https:\/\/nahastkasitoo.ee\/#organization","name":"Nahast k\u00e4sit\u00f6\u00f6","url":"https:\/\/nahastkasitoo.ee\/","logo":{"@type":"ImageObject","inLanguage":"en-US","@id":"https:\/\/nahastkasitoo.ee\/#\/schema\/logo\/image\/","url":"https:\/\/i0.wp.com\/nahastkasitoo.ee\/wp-content\/uploads\/2020\/06\/KayeLeatherGoods-poe-logo-labipaistev.png?fit=1500%2C1500&ssl=1","contentUrl":"https:\/\/i0.wp.com\/nahastkasitoo.ee\/wp-content\/uploads\/2020\/06\/KayeLeatherGoods-poe-logo-labipaistev.png?fit=1500%2C1500&ssl=1","width":1500,"height":1500,"caption":"Nahast k\u00e4sit\u00f6\u00f6"},"image":{"@id":"https:\/\/nahastkasitoo.ee\/#\/schema\/logo\/image\/"}}]}},"jetpack_sharing_enabled":true,"_links":{"self":[{"href":"https:\/\/nahastkasitoo.ee\/en\/wp-json\/wp\/v2\/product\/14224","targetHints":{"allow":["GET"]}}],"collection":[{"href":"https:\/\/nahastkasitoo.ee\/en\/wp-json\/wp\/v2\/product"}],"about":[{"href":"https:\/\/nahastkasitoo.ee\/en\/wp-json\/wp\/v2\/types\/product"}],"replies":[{"embeddable":true,"href":"https:\/\/nahastkasitoo.ee\/en\/wp-json\/wp\/v2\/comments?post=14224"}],"wp:featuredmedia":[{"embeddable":true,"href":"https:\/\/nahastkasitoo.ee\/en\/wp-json\/wp\/v2\/media\/14216"}],"wp:attachment":[{"href":"https:\/\/nahastkasitoo.ee\/en\/wp-json\/wp\/v2\/media?parent=14224"}],"wp:term":[{"taxonomy":"product_brand","embeddable":true,"href":"https:\/\/nahastkasitoo.ee\/en\/wp-json\/wp\/v2\/product_brand?post=14224"},{"taxonomy":"product_cat","embeddable":true,"href":"https:\/\/nahastkasitoo.ee\/en\/wp-json\/wp\/v2\/product_cat?post=14224"},{"taxonomy":"product_tag","embeddable":true,"href":"https:\/\/nahastkasitoo.ee\/en\/wp-json\/wp\/v2\/product_tag?post=14224"}],"curies":[{"name":"wp","href":"https:\/\/api.w.org\/{rel}","templated":true}]}}