{"id":15004,"date":"2023-08-25T17:07:09","date_gmt":"2023-08-25T17:07:09","guid":{"rendered":"https:\/\/nahastkasitoo.ee\/?post_type=product&#038;p=15004"},"modified":"2024-05-28T16:13:34","modified_gmt":"2024-05-28T16:13:34","slug":"nahast-fotoalbum-ingliga-turkiis","status":"publish","type":"product","link":"https:\/\/nahastkasitoo.ee\/en\/tooted\/nahast-fotoalbum-ingliga-turkiis\/","title":{"rendered":"Nahast fotoalbum ingliga\/t\u00fcrkiis"},"content":{"rendered":"<div>\n<p>Nahast fotoalbum ingliga\/t\u00fcrkiis<\/p>\n<p class=\"v2MsoNormal\">Albumi kaaned on valmistatud taimparknahast, mis on v\u00e4rvitud k\u00e4sitsi<br \/>\nveep\u00f5histe v\u00e4rvidega ning kaitstud spetsiaalse mesilasvahast lakiga.<\/p>\n<p class=\"v2MsoNormal\">Kuna tegemist on ehtsa nahaga, v\u00f5ib selle pinnal<br \/>\nesineda looduslikke t\u00e4kkeid v\u00f5i kriimustusi, mis ei m\u00f5juta toodete<br \/>\nhead kvaliteeti, pigem muudavad need ise\u00e4rasused tooted ainulaadseks<br \/>\nja kordumatuks.<\/p>\n<\/div>\n<div><\/div>\n<div>\n<p class=\"v2MsoNormal\"><b>PS.<\/b>\u00a0Toodete v\u00e4rv v\u00f5ib natuke erineda ekraanikuvade ise\u00e4rasuste t\u00f5ttu.<\/p>\n<\/div>\n","protected":false},"excerpt":{"rendered":"<p>Ilus kingitus lapse s\u00fcnni puhul!<\/p>\n<p>Mahutab 52 fotot suurusega 10x15cm<\/p>\n","protected":false},"featured_media":14986,"comment_status":"open","ping_status":"closed","template":"","meta":[],"product_brand":[],"product_cat":[30],"product_tag":[57,48,41,40],"class_list":{"0":"post-15004","1":"product","2":"type-product","3":"status-publish","4":"has-post-thumbnail","6":"product_cat-albumid","7":"product_tag-nahast-album","8":"product_tag-naturaalne-nahk","9":"product_tag-eesti-kasitoo","10":"product_tag-nahast-kaaned","12":"first","13":"outofstock","14":"sold-individually","15":"taxable","16":"shipping-taxable","17":"purchasable","18":"product-type-simple"},"yoast_head":"<!-- This site is optimized with the Yoast SEO plugin v27.5 - https:\/\/yoast.com\/product\/yoast-seo-wordpress\/ -->\n<title>Nahast fotoalbum ingliga\/t\u00fcrkiis<\/title>\n<meta name=\"description\" content=\"Nahast fotoalbum ingliga\/t\u00fcrkiis. Eesti k\u00e4sit\u00f6\u00f6. Saab tellida nimelisi, tekstiga v\u00f5i erinevate piltide ja v\u00e4rvidega. Vaata poodi!\" \/>\n<meta name=\"robots\" content=\"index, follow, max-snippet:-1, max-image-preview:large, max-video-preview:-1\" \/>\n<link rel=\"canonical\" href=\"https:\/\/nahastkasitoo.ee\/en\/tooted\/nahast-fotoalbum-vahtralehtedega\/\" \/>\n<meta property=\"og:locale\" content=\"en_US\" \/>\n<meta property=\"og:locale:alternate\" content=\"et\" \/>\n<meta property=\"og:type\" content=\"article\" \/>\n<meta property=\"og:title\" content=\"Nahast fotoalbum ingliga\/t\u00fcrkiis\" \/>\n<meta property=\"og:description\" content=\"Nahast fotoalbum ingliga\/t\u00fcrkiis. Eesti k\u00e4sit\u00f6\u00f6. Saab tellida nimelisi, tekstiga v\u00f5i erinevate piltide ja v\u00e4rvidega. Vaata poodi!\" \/>\n<meta property=\"og:url\" content=\"https:\/\/nahastkasitoo.ee\/en\/tooted\/nahast-fotoalbum-ingliga-turkiis\/\" \/>\n<meta property=\"og:site_name\" content=\"Kaye Leather Goods\" \/>\n<meta property=\"article:modified_time\" content=\"2024-05-28T16:13:34+00:00\" \/>\n<meta property=\"og:image\" content=\"https:\/\/i0.wp.com\/nahastkasitoo.ee\/wp-content\/uploads\/2023\/08\/20211213_1140432-scaled-e1692979540832.jpg?fit=700%2C700&ssl=1\" \/>\n\t<meta property=\"og:image:width\" content=\"700\" \/>\n\t<meta property=\"og:image:height\" content=\"700\" \/>\n\t<meta property=\"og:image:type\" content=\"image\/jpeg\" \/>\n<meta name=\"twitter:card\" content=\"summary_large_image\" \/>\n<meta name=\"twitter:label1\" content=\"Est. reading time\" \/>\n\t<meta name=\"twitter:data1\" content=\"1 minute\" \/>\n<script type=\"application\/ld+json\" class=\"yoast-schema-graph\">{\"@context\":\"https:\\\/\\\/schema.org\",\"@graph\":[{\"@type\":\"WebPage\",\"@id\":\"https:\\\/\\\/nahastkasitoo.ee\\\/tooted\\\/nahast-fotoalbum-ingliga-turkiis\\\/\",\"url\":\"https:\\\/\\\/nahastkasitoo.ee\\\/tooted\\\/nahast-fotoalbum-vahtralehtedega\\\/\",\"name\":\"Nahast fotoalbum ingliga\\\/t\u00fcrkiis\",\"isPartOf\":{\"@id\":\"https:\\\/\\\/nahastkasitoo.ee\\\/#website\"},\"primaryImageOfPage\":{\"@id\":\"https:\\\/\\\/nahastkasitoo.ee\\\/tooted\\\/nahast-fotoalbum-vahtralehtedega\\\/#primaryimage\"},\"image\":{\"@id\":\"https:\\\/\\\/nahastkasitoo.ee\\\/tooted\\\/nahast-fotoalbum-vahtralehtedega\\\/#primaryimage\"},\"thumbnailUrl\":\"https:\\\/\\\/i0.wp.com\\\/nahastkasitoo.ee\\\/wp-content\\\/uploads\\\/2023\\\/08\\\/20211213_1140432-scaled-e1692979540832.jpg?fit=700%2C700&ssl=1\",\"datePublished\":\"2023-08-25T17:07:09+00:00\",\"dateModified\":\"2024-05-28T16:13:34+00:00\",\"description\":\"Nahast fotoalbum ingliga\\\/t\u00fcrkiis. Eesti k\u00e4sit\u00f6\u00f6. Saab tellida nimelisi, tekstiga v\u00f5i erinevate piltide ja v\u00e4rvidega. Vaata poodi!\",\"breadcrumb\":{\"@id\":\"https:\\\/\\\/nahastkasitoo.ee\\\/tooted\\\/nahast-fotoalbum-vahtralehtedega\\\/#breadcrumb\"},\"inLanguage\":\"en-US\",\"potentialAction\":[{\"@type\":\"ReadAction\",\"target\":[\"https:\\\/\\\/nahastkasitoo.ee\\\/tooted\\\/nahast-fotoalbum-vahtralehtedega\\\/\"]}]},{\"@type\":\"ImageObject\",\"inLanguage\":\"en-US\",\"@id\":\"https:\\\/\\\/nahastkasitoo.ee\\\/tooted\\\/nahast-fotoalbum-vahtralehtedega\\\/#primaryimage\",\"url\":\"https:\\\/\\\/i0.wp.com\\\/nahastkasitoo.ee\\\/wp-content\\\/uploads\\\/2023\\\/08\\\/20211213_1140432-scaled-e1692979540832.jpg?fit=700%2C700&ssl=1\",\"contentUrl\":\"https:\\\/\\\/i0.wp.com\\\/nahastkasitoo.ee\\\/wp-content\\\/uploads\\\/2023\\\/08\\\/20211213_1140432-scaled-e1692979540832.jpg?fit=700%2C700&ssl=1\",\"width\":700,\"height\":700,\"caption\":\"nahastkasitoo.ee Nahast fotoalbum ingliga\\\/t\u00fcrkiis\"},{\"@type\":\"BreadcrumbList\",\"@id\":\"https:\\\/\\\/nahastkasitoo.ee\\\/tooted\\\/nahast-fotoalbum-vahtralehtedega\\\/#breadcrumb\",\"itemListElement\":[{\"@type\":\"ListItem\",\"position\":1,\"name\":\"Home\",\"item\":\"https:\\\/\\\/nahastkasitoo.ee\\\/\"},{\"@type\":\"ListItem\",\"position\":2,\"name\":\"Tooted\",\"item\":\"https:\\\/\\\/nahastkasitoo.ee\\\/en\\\/tooted-kaye-leather-goods\\\/\"},{\"@type\":\"ListItem\",\"position\":3,\"name\":\"Nahast fotoalbum ingliga\\\/t\u00fcrkiis\"}]},{\"@type\":\"WebSite\",\"@id\":\"https:\\\/\\\/nahastkasitoo.ee\\\/#website\",\"url\":\"https:\\\/\\\/nahastkasitoo.ee\\\/\",\"name\":\"Kaye Leather Goods\",\"description\":\"Eestimaine nahastk\u00e4sit\u00f6\u00f6\",\"publisher\":{\"@id\":\"https:\\\/\\\/nahastkasitoo.ee\\\/#organization\"},\"potentialAction\":[{\"@type\":\"SearchAction\",\"target\":{\"@type\":\"EntryPoint\",\"urlTemplate\":\"https:\\\/\\\/nahastkasitoo.ee\\\/?s={search_term_string}\"},\"query-input\":{\"@type\":\"PropertyValueSpecification\",\"valueRequired\":true,\"valueName\":\"search_term_string\"}}],\"inLanguage\":\"en-US\"},{\"@type\":\"Organization\",\"@id\":\"https:\\\/\\\/nahastkasitoo.ee\\\/#organization\",\"name\":\"Nahast k\u00e4sit\u00f6\u00f6\",\"url\":\"https:\\\/\\\/nahastkasitoo.ee\\\/\",\"logo\":{\"@type\":\"ImageObject\",\"inLanguage\":\"en-US\",\"@id\":\"https:\\\/\\\/nahastkasitoo.ee\\\/#\\\/schema\\\/logo\\\/image\\\/\",\"url\":\"https:\\\/\\\/i0.wp.com\\\/nahastkasitoo.ee\\\/wp-content\\\/uploads\\\/2020\\\/06\\\/KayeLeatherGoods-poe-logo-labipaistev.png?fit=1500%2C1500&ssl=1\",\"contentUrl\":\"https:\\\/\\\/i0.wp.com\\\/nahastkasitoo.ee\\\/wp-content\\\/uploads\\\/2020\\\/06\\\/KayeLeatherGoods-poe-logo-labipaistev.png?fit=1500%2C1500&ssl=1\",\"width\":1500,\"height\":1500,\"caption\":\"Nahast k\u00e4sit\u00f6\u00f6\"},\"image\":{\"@id\":\"https:\\\/\\\/nahastkasitoo.ee\\\/#\\\/schema\\\/logo\\\/image\\\/\"}}]}<\/script>\n<!-- \/ Yoast SEO plugin. -->","yoast_head_json":{"title":"Nahast fotoalbum ingliga\/t\u00fcrkiis","description":"Nahast fotoalbum ingliga\/t\u00fcrkiis. Eesti k\u00e4sit\u00f6\u00f6. Saab tellida nimelisi, tekstiga v\u00f5i erinevate piltide ja v\u00e4rvidega. Vaata poodi!","robots":{"index":"index","follow":"follow","max-snippet":"max-snippet:-1","max-image-preview":"max-image-preview:large","max-video-preview":"max-video-preview:-1"},"canonical":"https:\/\/nahastkasitoo.ee\/en\/tooted\/nahast-fotoalbum-vahtralehtedega\/","og_locale":"en_US","og_type":"article","og_title":"[:et]Nahast fotoalbum ingliga\/t\u00fcrkiis[:] - Kaye Leather Goods","og_description":"Nahast fotoalbum ingliga\/t\u00fcrkiis. Eesti k\u00e4sit\u00f6\u00f6. Saab tellida nimelisi, tekstiga v\u00f5i erinevate piltide ja v\u00e4rvidega. Vaata poodi!","og_url":"https:\/\/nahastkasitoo.ee\/en\/tooted\/nahast-fotoalbum-ingliga-turkiis\/","og_site_name":"Kaye Leather Goods","article_modified_time":"2024-05-28T16:13:34+00:00","og_image":[{"width":700,"height":700,"url":"https:\/\/i0.wp.com\/nahastkasitoo.ee\/wp-content\/uploads\/2023\/08\/20211213_1140432-scaled-e1692979540832.jpg?fit=700%2C700&ssl=1","type":"image\/jpeg"}],"twitter_card":"summary_large_image","twitter_misc":{"Est. reading time":"1 minute"},"schema":{"@context":"https:\/\/schema.org","@graph":[{"@type":"WebPage","@id":"https:\/\/nahastkasitoo.ee\/tooted\/nahast-fotoalbum-ingliga-turkiis\/","url":"https:\/\/nahastkasitoo.ee\/tooted\/nahast-fotoalbum-vahtralehtedega\/","name":"Nahast fotoalbum ingliga\/t\u00fcrkiis","isPartOf":{"@id":"https:\/\/nahastkasitoo.ee\/#website"},"primaryImageOfPage":{"@id":"https:\/\/nahastkasitoo.ee\/tooted\/nahast-fotoalbum-vahtralehtedega\/#primaryimage"},"image":{"@id":"https:\/\/nahastkasitoo.ee\/tooted\/nahast-fotoalbum-vahtralehtedega\/#primaryimage"},"thumbnailUrl":"https:\/\/i0.wp.com\/nahastkasitoo.ee\/wp-content\/uploads\/2023\/08\/20211213_1140432-scaled-e1692979540832.jpg?fit=700%2C700&ssl=1","datePublished":"2023-08-25T17:07:09+00:00","dateModified":"2024-05-28T16:13:34+00:00","description":"Nahast fotoalbum ingliga\/t\u00fcrkiis. Eesti k\u00e4sit\u00f6\u00f6. Saab tellida nimelisi, tekstiga v\u00f5i erinevate piltide ja v\u00e4rvidega. Vaata poodi!","breadcrumb":{"@id":"https:\/\/nahastkasitoo.ee\/tooted\/nahast-fotoalbum-vahtralehtedega\/#breadcrumb"},"inLanguage":"en-US","potentialAction":[{"@type":"ReadAction","target":["https:\/\/nahastkasitoo.ee\/tooted\/nahast-fotoalbum-vahtralehtedega\/"]}]},{"@type":"ImageObject","inLanguage":"en-US","@id":"https:\/\/nahastkasitoo.ee\/tooted\/nahast-fotoalbum-vahtralehtedega\/#primaryimage","url":"https:\/\/i0.wp.com\/nahastkasitoo.ee\/wp-content\/uploads\/2023\/08\/20211213_1140432-scaled-e1692979540832.jpg?fit=700%2C700&ssl=1","contentUrl":"https:\/\/i0.wp.com\/nahastkasitoo.ee\/wp-content\/uploads\/2023\/08\/20211213_1140432-scaled-e1692979540832.jpg?fit=700%2C700&ssl=1","width":700,"height":700,"caption":"nahastkasitoo.ee Nahast fotoalbum ingliga\/t\u00fcrkiis"},{"@type":"BreadcrumbList","@id":"https:\/\/nahastkasitoo.ee\/tooted\/nahast-fotoalbum-vahtralehtedega\/#breadcrumb","itemListElement":[{"@type":"ListItem","position":1,"name":"Home","item":"https:\/\/nahastkasitoo.ee\/"},{"@type":"ListItem","position":2,"name":"Tooted","item":"https:\/\/nahastkasitoo.ee\/en\/tooted-kaye-leather-goods\/"},{"@type":"ListItem","position":3,"name":"Nahast fotoalbum ingliga\/t\u00fcrkiis"}]},{"@type":"WebSite","@id":"https:\/\/nahastkasitoo.ee\/#website","url":"https:\/\/nahastkasitoo.ee\/","name":"Kaye Leather Goods","description":"Eestimaine nahastk\u00e4sit\u00f6\u00f6","publisher":{"@id":"https:\/\/nahastkasitoo.ee\/#organization"},"potentialAction":[{"@type":"SearchAction","target":{"@type":"EntryPoint","urlTemplate":"https:\/\/nahastkasitoo.ee\/?s={search_term_string}"},"query-input":{"@type":"PropertyValueSpecification","valueRequired":true,"valueName":"search_term_string"}}],"inLanguage":"en-US"},{"@type":"Organization","@id":"https:\/\/nahastkasitoo.ee\/#organization","name":"Nahast k\u00e4sit\u00f6\u00f6","url":"https:\/\/nahastkasitoo.ee\/","logo":{"@type":"ImageObject","inLanguage":"en-US","@id":"https:\/\/nahastkasitoo.ee\/#\/schema\/logo\/image\/","url":"https:\/\/i0.wp.com\/nahastkasitoo.ee\/wp-content\/uploads\/2020\/06\/KayeLeatherGoods-poe-logo-labipaistev.png?fit=1500%2C1500&ssl=1","contentUrl":"https:\/\/i0.wp.com\/nahastkasitoo.ee\/wp-content\/uploads\/2020\/06\/KayeLeatherGoods-poe-logo-labipaistev.png?fit=1500%2C1500&ssl=1","width":1500,"height":1500,"caption":"Nahast k\u00e4sit\u00f6\u00f6"},"image":{"@id":"https:\/\/nahastkasitoo.ee\/#\/schema\/logo\/image\/"}}]}},"jetpack_sharing_enabled":true,"_links":{"self":[{"href":"https:\/\/nahastkasitoo.ee\/en\/wp-json\/wp\/v2\/product\/15004","targetHints":{"allow":["GET"]}}],"collection":[{"href":"https:\/\/nahastkasitoo.ee\/en\/wp-json\/wp\/v2\/product"}],"about":[{"href":"https:\/\/nahastkasitoo.ee\/en\/wp-json\/wp\/v2\/types\/product"}],"replies":[{"embeddable":true,"href":"https:\/\/nahastkasitoo.ee\/en\/wp-json\/wp\/v2\/comments?post=15004"}],"wp:featuredmedia":[{"embeddable":true,"href":"https:\/\/nahastkasitoo.ee\/en\/wp-json\/wp\/v2\/media\/14986"}],"wp:attachment":[{"href":"https:\/\/nahastkasitoo.ee\/en\/wp-json\/wp\/v2\/media?parent=15004"}],"wp:term":[{"taxonomy":"product_brand","embeddable":true,"href":"https:\/\/nahastkasitoo.ee\/en\/wp-json\/wp\/v2\/product_brand?post=15004"},{"taxonomy":"product_cat","embeddable":true,"href":"https:\/\/nahastkasitoo.ee\/en\/wp-json\/wp\/v2\/product_cat?post=15004"},{"taxonomy":"product_tag","embeddable":true,"href":"https:\/\/nahastkasitoo.ee\/en\/wp-json\/wp\/v2\/product_tag?post=15004"}],"curies":[{"name":"wp","href":"https:\/\/api.w.org\/{rel}","templated":true}]}}